{"id":32070,"date":"2023-08-13T00:11:24","date_gmt":"2023-08-12T22:11:24","guid":{"rendered":"https:\/\/www.ukr-ayna.com\/?page_id=32070\/"},"modified":"2023-08-13T00:17:35","modified_gmt":"2023-08-12T22:17:35","slug":"spilka-ukrainskoi-kulturi-ta-solidarnosti-stambula","status":"publish","type":"page","link":"https:\/\/www.ukr-ayna.com\/uk\/diaspora\/kulturni-tovaristva\/spilka-ukrainskoi-kulturi-ta-solidarnosti-stambula\/","title":{"rendered":"\u0421\u043f\u0456\u043b\u043a\u0430 \u0443\u043a\u0440\u0430\u0457\u043d\u0441\u044c\u043a\u043e\u0457 \u043a\u0443\u043b\u044c\u0442\u0443\u0440\u0438 \u0442\u0430 \u0441\u043e\u043b\u0456\u0434\u0430\u0440\u043d\u043e\u0441\u0442\u0456 \u0421\u0442\u0430\u043c\u0431\u0443\u043b\u0430"},"content":{"rendered":"<h4><strong>\u041d\u0430\u0437\u0432\u0430 \u043e\u0440\u0433\u0430\u043d\u0456\u0437\u0430\u0446\u0456\u0457: \u0421\u043f\u0456\u043b\u043a\u0430 \u0443\u043a\u0440\u0430\u0457\u043d\u0441\u044c\u043a\u043e\u0457 \u043a\u0443\u043b\u044c\u0442\u0443\u0440\u0438 \u0442\u0430 \u0441\u043e\u043b\u0456\u0434\u0430\u0440\u043d\u043e\u0441\u0442\u0456 \u0421\u0442\u0430\u043c\u0431\u0443\u043b\u0430\u00a0<\/strong>(\u0130stanbul Ukrayna K\u00fclt\u00fcr ve Dayan\u0131\u015fma Derne\u011fi)<\/h4>\n<p><strong>\u0414\u0430\u0442\u0430 \u0441\u0442\u0432\u043e\u0440\u0435\u043d\u043d\u044f:<\/strong><\/p>\n<p><strong>\u0410\u0434\u0440\u0435\u0441\u0430<\/strong>: Balabana\u011fa mah. B\u00fcy\u00fck Re\u015fitpa\u015fa cad. No: 14\/102, \u0130stanbul<\/p>\n<p><strong>\u0413\u043e\u043b\u043e\u0432\u0430<\/strong>: <a href=\"https:\/\/www.facebook.com\/olenatopcu\">\u041e\u043b\u0435\u043d\u0430 \u0422\u043e\u043f\u0447\u0443<\/a><\/p>\n<p><strong>\u0415\u043b\u0435\u043a\u0442\u0440\u043e\u043d\u043d\u0430 \u043f\u043e\u0448\u0442\u0430<\/strong>: ist.ukraine.kdd@gmail.com<\/p>\n<p><strong>\u0422\u0435\u043b\u0435\u0444\u043e\u043d<\/strong>: +90 545 868 30 35<\/p>\n<a href=\"https:\/\/www.facebook.com\/ist.ukraine.kdd\" class=\"su-button su-button-style-default\" style=\"color:#FFFFFF;background-color:#2D89EF;border-color:#246ec0;border-radius:5px;-moz-border-radius:5px;-webkit-border-radius:5px\" target=\"_blank\" rel=\"noopener noreferrer\"><span style=\"color:#FFFFFF;padding:6px 16px;font-size:13px;line-height:20px;border-color:#6cadf4;border-radius:5px;-moz-border-radius:5px;-webkit-border-radius:5px;text-shadow:none;-moz-text-shadow:none;-webkit-text-shadow:none\"><img decoding=\"async\" src=\"https:\/\/www.ukr-ayna.com\/wp-content\/uploads\/2021\/02\/fb.png\" alt=\"Facebook\" style=\"width:20px;height:20px\" \/> Facebook<\/span><\/a>\n<a href=\"https:\/\/www.instagram.com\/ist.ukraine.kdd\" class=\"su-button su-button-style-default\" style=\"color:#FFFFFF;background-color:#2D89EF;border-color:#246ec0;border-radius:5px;-moz-border-radius:5px;-webkit-border-radius:5px\" target=\"_blank\" rel=\"noopener noreferrer\"><span style=\"color:#FFFFFF;padding:6px 16px;font-size:13px;line-height:20px;border-color:#6cadf4;border-radius:5px;-moz-border-radius:5px;-webkit-border-radius:5px;text-shadow:none;-moz-text-shadow:none;-webkit-text-shadow:none\"><img decoding=\"async\" src=\"https:\/\/www.ukr-ayna.com\/wp-content\/uploads\/2021\/02\/Instagram.png\" alt=\"\u0406nstagram\" style=\"width:20px;height:20px\" \/> \u0406nstagram<\/span><\/a>\n","protected":false},"excerpt":{"rendered":"<p>\u041d\u0430\u0437\u0432\u0430 \u043e\u0440\u0433\u0430\u043d\u0456\u0437\u0430\u0446\u0456\u0457: \u0421\u043f\u0456\u043b\u043a\u0430 \u0443\u043a\u0440\u0430\u0457\u043d\u0441\u044c\u043a\u043e\u0457 \u043a\u0443\u043b\u044c\u0442\u0443\u0440\u0438 \u0442\u0430 \u0441\u043e\u043b\u0456\u0434\u0430\u0440\u043d\u043e\u0441\u0442\u0456 \u0421\u0442\u0430\u043c\u0431\u0443\u043b\u0430\u00a0(\u0130stanbul Ukrayna K\u00fclt\u00fcr ve Dayan\u0131\u015fma Derne\u011fi) \u0414\u0430\u0442\u0430 \u0441\u0442\u0432\u043e\u0440\u0435\u043d\u043d\u044f: \u0410\u0434\u0440\u0435\u0441\u0430: Balabana\u011fa mah. B\u00fcy\u00fck Re\u015fitpa\u015fa cad. No: 14\/102, \u0130stanbul \u0413\u043e\u043b\u043e\u0432\u0430: \u041e\u043b\u0435\u043d\u0430 \u0422\u043e\u043f\u0447\u0443 \u0415\u043b\u0435\u043a\u0442\u0440\u043e\u043d\u043d\u0430 \u043f\u043e\u0448\u0442\u0430: ist.ukraine.kdd@gmail.com \u0422\u0435\u043b\u0435\u0444\u043e\u043d: +90 545 868 30 35<\/p>\n","protected":false},"author":2,"featured_media":32068,"parent":3159,"menu_order":0,"comment_status":"closed","ping_status":"closed","template":"","meta":{"footnotes":""},"class_list":["post-32070","page","type-page","status-publish","has-post-thumbnail","hentry"],"_links":{"self":[{"href":"https:\/\/www.ukr-ayna.com\/uk\/wp-json\/wp\/v2\/pages\/32070","targetHints":{"allow":["GET"]}}],"collection":[{"href":"https:\/\/www.ukr-ayna.com\/uk\/wp-json\/wp\/v2\/pages"}],"about":[{"href":"https:\/\/www.ukr-ayna.com\/uk\/wp-json\/wp\/v2\/types\/page"}],"author":[{"embeddable":true,"href":"https:\/\/www.ukr-ayna.com\/uk\/wp-json\/wp\/v2\/users\/2"}],"replies":[{"embeddable":true,"href":"https:\/\/www.ukr-ayna.com\/uk\/wp-json\/wp\/v2\/comments?post=32070"}],"version-history":[{"count":1,"href":"https:\/\/www.ukr-ayna.com\/uk\/wp-json\/wp\/v2\/pages\/32070\/revisions"}],"predecessor-version":[{"id":32071,"href":"https:\/\/www.ukr-ayna.com\/uk\/wp-json\/wp\/v2\/pages\/32070\/revisions\/32071"}],"up":[{"embeddable":true,"href":"https:\/\/www.ukr-ayna.com\/uk\/wp-json\/wp\/v2\/pages\/3159"}],"wp:featuredmedia":[{"embeddable":true,"href":"https:\/\/www.ukr-ayna.com\/uk\/wp-json\/wp\/v2\/media\/32068"}],"wp:attachment":[{"href":"https:\/\/www.ukr-ayna.com\/uk\/wp-json\/wp\/v2\/media?parent=32070"}],"curies":[{"name":"wp","href":"https:\/\/api.w.org\/{rel}","templated":true}]}}