{"id":32042,"date":"2023-08-12T22:29:39","date_gmt":"2023-08-12T20:29:39","guid":{"rendered":"https:\/\/www.ukr-ayna.com\/?page_id=32042\/"},"modified":"2023-08-12T22:42:55","modified_gmt":"2023-08-12T20:42:55","slug":"seredzemnomorske-ob-iednannya-ukrainciv","status":"publish","type":"page","link":"https:\/\/www.ukr-ayna.com\/uk\/diaspora\/seredzemnomorske-ob-iednannya-ukrainciv\/","title":{"rendered":"\u0421\u0435\u0440\u0435\u0434\u0437\u0435\u043c\u043d\u043e\u043c\u043e\u0440\u0441\u044c\u043a\u0435 \u043e\u0431\u2019\u0454\u0434\u043d\u0430\u043d\u043d\u044f \u0443\u043a\u0440\u0430\u0457\u043d\u0446\u0456\u0432"},"content":{"rendered":"<h4><strong>\u041d\u0430\u0437\u0432\u0430 \u043e\u0440\u0433\u0430\u043d\u0456\u0437\u0430\u0446\u0456\u0457: \u0421\u0435\u0440\u0435\u0434\u0437\u0435\u043c\u043d\u043e\u043c\u043e\u0440\u0441\u044c\u043a\u0435 \u043e\u0431\u2019\u0454\u0434\u043d\u0430\u043d\u043d\u044f \u0443\u043a\u0440\u0430\u0457\u043d\u0446\u0456\u0432 <\/strong>(Akdeniz Ukraynal\u0131lar Derne\u011fi)<\/h4>\n<p><strong>\u0414\u0430\u0442\u0430 \u0441\u0442\u0432\u043e\u0440\u0435\u043d\u043d\u044f:<\/strong>\u00a002.01.2018.<\/p>\n<p><strong>\u0410\u0434\u0440\u0435\u0441\u0430<\/strong>:\u00a0Y\u00fcksekalan Mahallesi, 485. Sokak, \u00d6rnek apartman\u0131 No:2 kat 5 daire 19, Muratpa\u015fa\/Antalya, T\u00fcrkiye<\/p>\n<p><strong>\u0413\u043e\u043b\u043e\u0432\u0430<\/strong>: <a href=\"https:\/\/www.facebook.com\/natalia.karaca.9\">\u041d\u0430\u0442\u0430\u043b\u0456\u044f \u041a\u0430\u0440\u0430\u0434\u0436\u0430<\/a><\/p>\n<p><strong>\u0415\u043b\u0435\u043a\u0442\u0440\u043e\u043d\u043d\u0430 \u043f\u043e\u0448\u0442\u0430<\/strong>: akdenizukraynalilar@hotmail.com<\/p>\n<p><strong>\u0422\u0435\u043b\u0435\u0444\u043e\u043d<\/strong>: +90 242 322 17 77,\u00a0+90 541 640 18 21<\/p>\n<a href=\"https:\/\/www.facebook.com\/profile.php?id=100066672396018\" class=\"su-button su-button-style-default\" style=\"color:#FFFFFF;background-color:#2D89EF;border-color:#246ec0;border-radius:5px;-moz-border-radius:5px;-webkit-border-radius:5px\" target=\"_blank\" rel=\"noopener noreferrer\"><span style=\"color:#FFFFFF;padding:6px 16px;font-size:13px;line-height:20px;border-color:#6cadf4;border-radius:5px;-moz-border-radius:5px;-webkit-border-radius:5px;text-shadow:none;-moz-text-shadow:none;-webkit-text-shadow:none\"><img decoding=\"async\" src=\"https:\/\/www.ukr-ayna.com\/wp-content\/uploads\/2021\/02\/fb.png\" alt=\"Facebook\" style=\"width:20px;height:20px\" \/> Facebook<\/span><\/a>\n<a href=\"https:\/\/www.instagram.com\/antalyaakdenizukraynal\/\" class=\"su-button su-button-style-default\" style=\"color:#FFFFFF;background-color:#2D89EF;border-color:#246ec0;border-radius:5px;-moz-border-radius:5px;-webkit-border-radius:5px\" target=\"_blank\" rel=\"noopener noreferrer\"><span style=\"color:#FFFFFF;padding:6px 16px;font-size:13px;line-height:20px;border-color:#6cadf4;border-radius:5px;-moz-border-radius:5px;-webkit-border-radius:5px;text-shadow:none;-moz-text-shadow:none;-webkit-text-shadow:none\"><img decoding=\"async\" src=\"https:\/\/www.ukr-ayna.com\/wp-content\/uploads\/2021\/02\/Instagram.png\" alt=\"\u0406nstagram\" style=\"width:20px;height:20px\" \/> \u0406nstagram<\/span><\/a>\n","protected":false},"excerpt":{"rendered":"<p>\u041d\u0430\u0437\u0432\u0430 \u043e\u0440\u0433\u0430\u043d\u0456\u0437\u0430\u0446\u0456\u0457: \u0421\u0435\u0440\u0435\u0434\u0437\u0435\u043c\u043d\u043e\u043c\u043e\u0440\u0441\u044c\u043a\u0435 \u043e\u0431\u2019\u0454\u0434\u043d\u0430\u043d\u043d\u044f \u0443\u043a\u0440\u0430\u0457\u043d\u0446\u0456\u0432 (Akdeniz Ukraynal\u0131lar Derne\u011fi) \u0414\u0430\u0442\u0430 \u0441\u0442\u0432\u043e\u0440\u0435\u043d\u043d\u044f:\u00a002.01.2018. \u0410\u0434\u0440\u0435\u0441\u0430:\u00a0Y\u00fcksekalan Mahallesi, 485. Sokak, \u00d6rnek apartman\u0131 No:2 kat 5 daire 19, Muratpa\u015fa\/Antalya, T\u00fcrkiye \u0413\u043e\u043b\u043e\u0432\u0430: \u041d\u0430\u0442\u0430\u043b\u0456\u044f \u041a\u0430\u0440\u0430\u0434\u0436\u0430 \u0415\u043b\u0435\u043a\u0442\u0440\u043e\u043d\u043d\u0430 \u043f\u043e\u0448\u0442\u0430: akdenizukraynalilar@hotmail.com \u0422\u0435\u043b\u0435\u0444\u043e\u043d: +90 242 322 17 77,\u00a0+90 541 640 18 21<\/p>\n","protected":false},"author":2,"featured_media":32043,"parent":3283,"menu_order":0,"comment_status":"closed","ping_status":"closed","template":"","meta":{"footnotes":""},"class_list":["post-32042","page","type-page","status-publish","has-post-thumbnail","hentry"],"_links":{"self":[{"href":"https:\/\/www.ukr-ayna.com\/uk\/wp-json\/wp\/v2\/pages\/32042","targetHints":{"allow":["GET"]}}],"collection":[{"href":"https:\/\/www.ukr-ayna.com\/uk\/wp-json\/wp\/v2\/pages"}],"about":[{"href":"https:\/\/www.ukr-ayna.com\/uk\/wp-json\/wp\/v2\/types\/page"}],"author":[{"embeddable":true,"href":"https:\/\/www.ukr-ayna.com\/uk\/wp-json\/wp\/v2\/users\/2"}],"replies":[{"embeddable":true,"href":"https:\/\/www.ukr-ayna.com\/uk\/wp-json\/wp\/v2\/comments?post=32042"}],"version-history":[{"count":2,"href":"https:\/\/www.ukr-ayna.com\/uk\/wp-json\/wp\/v2\/pages\/32042\/revisions"}],"predecessor-version":[{"id":32055,"href":"https:\/\/www.ukr-ayna.com\/uk\/wp-json\/wp\/v2\/pages\/32042\/revisions\/32055"}],"up":[{"embeddable":true,"href":"https:\/\/www.ukr-ayna.com\/uk\/wp-json\/wp\/v2\/pages\/3283"}],"wp:featuredmedia":[{"embeddable":true,"href":"https:\/\/www.ukr-ayna.com\/uk\/wp-json\/wp\/v2\/media\/32043"}],"wp:attachment":[{"href":"https:\/\/www.ukr-ayna.com\/uk\/wp-json\/wp\/v2\/media?parent=32042"}],"curies":[{"name":"wp","href":"https:\/\/api.w.org\/{rel}","templated":true}]}}