{"id":32013,"date":"2023-08-12T21:05:14","date_gmt":"2023-08-12T19:05:14","guid":{"rendered":"https:\/\/www.ukr-ayna.com\/?page_id=32013\/"},"modified":"2023-08-12T21:13:24","modified_gmt":"2023-08-12T19:13:24","slug":"spilka-ukrainciv-kodzhaeli","status":"publish","type":"page","link":"https:\/\/www.ukr-ayna.com\/uk\/diaspora\/kulturni-tovaristva\/spilka-ukrainciv-kodzhaeli\/","title":{"rendered":"\u0421\u043f\u0456\u043b\u043a\u0430 \u0443\u043a\u0440\u0430\u0457\u043d\u0446\u0456\u0432 \u041a\u043e\u0434\u0436\u0430\u0435\u043b\u0456"},"content":{"rendered":"<h4><strong>\u041d\u0430\u0437\u0432\u0430 \u043e\u0440\u0433\u0430\u043d\u0456\u0437\u0430\u0446\u0456\u0457: \u0421\u043f\u0456\u043b\u043a\u0430 \u0443\u043a\u0440\u0430\u0457\u043d\u0446\u0456\u0432 \u041a\u043e\u0434\u0436\u0430\u0435\u043b\u0456 <\/strong>(Kocaeli Ukraynal\u0131lar Derne\u011fi)<\/h4>\n<p><strong>\u0414\u0430\u0442\u0430 \u0441\u0442\u0432\u043e\u0440\u0435\u043d\u043d\u044f:<\/strong>\u00a007.04.2022.<\/p>\n<p><strong>\u0410\u0434\u0440\u0435\u0441\u0430<\/strong>:\u00a0K\u00f6rfez mah. Berk sk. no.6\/3 And\u0131z i\u015f merkezi jat.2 d.4 \u0130zmit Kocaeli<\/p>\n<p><strong>\u0413\u043e\u043b\u043e\u0432\u0430<\/strong>:\u00a0\u0406\u0440\u0438\u043d\u0430 \u0421\u043e\u043b\u0430<\/p>\n<p><strong>\u0415\u043b\u0435\u043a\u0442\u0440\u043e\u043d\u043d\u0430 \u043f\u043e\u0448\u0442\u0430<\/strong>:\u00a0kocaeliukraynalilardernegi@outlook.com<\/p>\n<p><strong>\u0422\u0435\u043b\u0435\u0444\u043e\u043d<\/strong>:\u00a0+905530593783<\/p>\n<a href=\"https:\/\/www.facebook.com\/groups\/1060051197927060\" class=\"su-button su-button-style-default\" style=\"color:#FFFFFF;background-color:#2D89EF;border-color:#246ec0;border-radius:5px;-moz-border-radius:5px;-webkit-border-radius:5px\" target=\"_blank\" rel=\"noopener noreferrer\"><span style=\"color:#FFFFFF;padding:6px 16px;font-size:13px;line-height:20px;border-color:#6cadf4;border-radius:5px;-moz-border-radius:5px;-webkit-border-radius:5px;text-shadow:none;-moz-text-shadow:none;-webkit-text-shadow:none\"><img decoding=\"async\" src=\"https:\/\/www.ukr-ayna.com\/wp-content\/uploads\/2021\/02\/fb.png\" alt=\"Facebook\" style=\"width:20px;height:20px\" \/> Facebook<\/span><\/a>\n<a href=\"https:\/\/www.instagram.com\/kocaeliukraynalilar\/\" class=\"su-button su-button-style-default\" style=\"color:#FFFFFF;background-color:#2D89EF;border-color:#246ec0;border-radius:5px;-moz-border-radius:5px;-webkit-border-radius:5px\" target=\"_blank\" rel=\"noopener noreferrer\"><span style=\"color:#FFFFFF;padding:6px 16px;font-size:13px;line-height:20px;border-color:#6cadf4;border-radius:5px;-moz-border-radius:5px;-webkit-border-radius:5px;text-shadow:none;-moz-text-shadow:none;-webkit-text-shadow:none\"><img decoding=\"async\" src=\"https:\/\/www.ukr-ayna.com\/wp-content\/uploads\/2021\/02\/Instagram.png\" alt=\"\u0406nstagram\" style=\"width:20px;height:20px\" \/> \u0406nstagram<\/span><\/a>\n<p>&nbsp;<\/p>\n","protected":false},"excerpt":{"rendered":"<p>\u041d\u0430\u0437\u0432\u0430 \u043e\u0440\u0433\u0430\u043d\u0456\u0437\u0430\u0446\u0456\u0457: \u0421\u043f\u0456\u043b\u043a\u0430 \u0443\u043a\u0440\u0430\u0457\u043d\u0446\u0456\u0432 \u041a\u043e\u0434\u0436\u0430\u0435\u043b\u0456 (Kocaeli Ukraynal\u0131lar Derne\u011fi) \u0414\u0430\u0442\u0430 \u0441\u0442\u0432\u043e\u0440\u0435\u043d\u043d\u044f:\u00a007.04.2022. \u0410\u0434\u0440\u0435\u0441\u0430:\u00a0K\u00f6rfez mah. Berk sk. no.6\/3 And\u0131z i\u015f merkezi jat.2 d.4 \u0130zmit Kocaeli \u0413\u043e\u043b\u043e\u0432\u0430:\u00a0\u0406\u0440\u0438\u043d\u0430 \u0421\u043e\u043b\u0430 \u0415\u043b\u0435\u043a\u0442\u0440\u043e\u043d\u043d\u0430 \u043f\u043e\u0448\u0442\u0430:\u00a0kocaeliukraynalilardernegi@outlook.com \u0422\u0435\u043b\u0435\u0444\u043e\u043d:\u00a0+905530593783 &nbsp;<\/p>\n","protected":false},"author":2,"featured_media":32014,"parent":3159,"menu_order":0,"comment_status":"closed","ping_status":"closed","template":"","meta":{"footnotes":""},"class_list":["post-32013","page","type-page","status-publish","has-post-thumbnail","hentry"],"_links":{"self":[{"href":"https:\/\/www.ukr-ayna.com\/uk\/wp-json\/wp\/v2\/pages\/32013","targetHints":{"allow":["GET"]}}],"collection":[{"href":"https:\/\/www.ukr-ayna.com\/uk\/wp-json\/wp\/v2\/pages"}],"about":[{"href":"https:\/\/www.ukr-ayna.com\/uk\/wp-json\/wp\/v2\/types\/page"}],"author":[{"embeddable":true,"href":"https:\/\/www.ukr-ayna.com\/uk\/wp-json\/wp\/v2\/users\/2"}],"replies":[{"embeddable":true,"href":"https:\/\/www.ukr-ayna.com\/uk\/wp-json\/wp\/v2\/comments?post=32013"}],"version-history":[{"count":3,"href":"https:\/\/www.ukr-ayna.com\/uk\/wp-json\/wp\/v2\/pages\/32013\/revisions"}],"predecessor-version":[{"id":32018,"href":"https:\/\/www.ukr-ayna.com\/uk\/wp-json\/wp\/v2\/pages\/32013\/revisions\/32018"}],"up":[{"embeddable":true,"href":"https:\/\/www.ukr-ayna.com\/uk\/wp-json\/wp\/v2\/pages\/3159"}],"wp:featuredmedia":[{"embeddable":true,"href":"https:\/\/www.ukr-ayna.com\/uk\/wp-json\/wp\/v2\/media\/32014"}],"wp:attachment":[{"href":"https:\/\/www.ukr-ayna.com\/uk\/wp-json\/wp\/v2\/media?parent=32013"}],"curies":[{"name":"wp","href":"https:\/\/api.w.org\/{rel}","templated":true}]}}