{"id":32002,"date":"2023-08-12T20:15:02","date_gmt":"2023-08-12T18:15:02","guid":{"rendered":"https:\/\/www.ukr-ayna.com\/?page_id=32002\/"},"modified":"2023-08-12T20:40:38","modified_gmt":"2023-08-12T18:40:38","slug":"alanijske-ukrainske-kulturne-tovaristvo-dopomogi-ta-solidarnosti-palyanicya","status":"publish","type":"page","link":"https:\/\/www.ukr-ayna.com\/uk\/diaspora\/kulturni-tovaristva\/alanijske-ukrainske-kulturne-tovaristvo-dopomogi-ta-solidarnosti-palyanicya\/","title":{"rendered":"\u0410\u043b\u0430\u043d\u0456\u0439\u0441\u044c\u043a\u0435 \u0443\u043a\u0440\u0430\u0457\u043d\u0441\u044c\u043a\u0435 \u043a\u0443\u043b\u044c\u0442\u0443\u0440\u043d\u0435 \u0442\u043e\u0432\u0430\u0440\u0438\u0441\u0442\u0432\u043e \u0434\u043e\u043f\u043e\u043c\u043e\u0433\u0438 \u0442\u0430 \u0441\u043e\u043b\u0456\u0434\u0430\u0440\u043d\u043e\u0441\u0442\u0456 \u00ab\u041f\u0430\u043b\u044f\u043d\u0438\u0446\u044f\u00bb \u00a0"},"content":{"rendered":"<h4><strong>\u041d\u0430\u0437\u0432\u0430 \u043e\u0440\u0433\u0430\u043d\u0456\u0437\u0430\u0446\u0456\u0457: \u0410\u043b\u0430\u043d\u0456\u0439\u0441\u044c\u043a\u0435 \u0443\u043a\u0440\u0430\u0457\u043d\u0441\u044c\u043a\u0435 \u043a\u0443\u043b\u044c\u0442\u0443\u0440\u043d\u0435 \u0442\u043e\u0432\u0430\u0440\u0438\u0441\u0442\u0432\u043e \u0434\u043e\u043f\u043e\u043c\u043e\u0433\u0438 \u0442\u0430 \u0441\u043e\u043b\u0456\u0434\u0430\u0440\u043d\u043e\u0441\u0442\u0456 \u00ab\u041f\u0430\u043b\u044f\u043d\u0438\u0446\u044f\u00bb \u00a0<\/strong>(Alanya Ukraynal\u0131lar K\u00fclt\u00fcr Yard\u0131mla\u015fma Ve Dayan\u0131\u015fma Derne\u011fi \u201cPalyan\u0131tsya\u201d)<\/h4>\n<p><strong>\u0414\u0430\u0442\u0430 \u0441\u0442\u0432\u043e\u0440\u0435\u043d\u043d\u044f:<\/strong>\u00a020.09.2022.<\/p>\n<p><strong>\u0410\u0434\u0440\u0435\u0441\u0430<\/strong>:<\/p>\n<p><strong>\u0413\u043e\u043b\u043e\u0432\u0430<\/strong>:<\/p>\n<p><strong>\u0415\u043b\u0435\u043a\u0442\u0440\u043e\u043d\u043d\u0430 \u043f\u043e\u0448\u0442\u0430<\/strong>:<\/p>\n<p><strong>\u0422\u0435\u043b\u0435\u0444\u043e\u043d<\/strong>:<\/p>\n<a href=\"https:\/\/www.facebook.com\/diaspora.palyanytsya\" class=\"su-button su-button-style-default\" style=\"color:#FFFFFF;background-color:#2D89EF;border-color:#246ec0;border-radius:5px;-moz-border-radius:5px;-webkit-border-radius:5px\" target=\"_blank\" rel=\"noopener noreferrer\"><span style=\"color:#FFFFFF;padding:6px 16px;font-size:13px;line-height:20px;border-color:#6cadf4;border-radius:5px;-moz-border-radius:5px;-webkit-border-radius:5px;text-shadow:none;-moz-text-shadow:none;-webkit-text-shadow:none\"><img decoding=\"async\" src=\"https:\/\/www.ukr-ayna.com\/wp-content\/uploads\/2021\/02\/fb.png\" alt=\"Facebook\" style=\"width:20px;height:20px\" \/> Facebook<\/span><\/a>\n<a href=\"https:\/\/www.instagram.com\/prostir.palianytsia\/\" class=\"su-button su-button-style-default\" style=\"color:#FFFFFF;background-color:#2D89EF;border-color:#246ec0;border-radius:5px;-moz-border-radius:5px;-webkit-border-radius:5px\" target=\"_blank\" rel=\"noopener noreferrer\"><span style=\"color:#FFFFFF;padding:6px 16px;font-size:13px;line-height:20px;border-color:#6cadf4;border-radius:5px;-moz-border-radius:5px;-webkit-border-radius:5px;text-shadow:none;-moz-text-shadow:none;-webkit-text-shadow:none\"><img decoding=\"async\" src=\"https:\/\/www.ukr-ayna.com\/wp-content\/uploads\/2021\/02\/Instagram.png\" alt=\"Instagram\" style=\"width:20px;height:20px\" \/> Instagram<\/span><\/a>\n<a href=\"https:\/\/t.me\/ProstirPalianytsia\" class=\"su-button su-button-style-default\" style=\"color:#FFFFFF;background-color:#2D89EF;border-color:#246ec0;border-radius:5px;-moz-border-radius:5px;-webkit-border-radius:5px\" target=\"_blank\" rel=\"noopener noreferrer\"><span style=\"color:#FFFFFF;padding:6px 16px;font-size:13px;line-height:20px;border-color:#6cadf4;border-radius:5px;-moz-border-radius:5px;-webkit-border-radius:5px;text-shadow:none;-moz-text-shadow:none;-webkit-text-shadow:none\"><img decoding=\"async\" src=\"https:\/\/www.ukr-ayna.com\/wp-content\/uploads\/2022\/03\/Telegram_Messenger.png\" alt=\"Telegram\" style=\"width:20px;height:20px\" \/> Telegram<\/span><\/a>\n","protected":false},"excerpt":{"rendered":"<p>\u041d\u0430\u0437\u0432\u0430 \u043e\u0440\u0433\u0430\u043d\u0456\u0437\u0430\u0446\u0456\u0457: \u0410\u043b\u0430\u043d\u0456\u0439\u0441\u044c\u043a\u0435 \u0443\u043a\u0440\u0430\u0457\u043d\u0441\u044c\u043a\u0435 \u043a\u0443\u043b\u044c\u0442\u0443\u0440\u043d\u0435 \u0442\u043e\u0432\u0430\u0440\u0438\u0441\u0442\u0432\u043e \u0434\u043e\u043f\u043e\u043c\u043e\u0433\u0438 \u0442\u0430 \u0441\u043e\u043b\u0456\u0434\u0430\u0440\u043d\u043e\u0441\u0442\u0456 \u00ab\u041f\u0430\u043b\u044f\u043d\u0438\u0446\u044f\u00bb \u00a0(Alanya Ukraynal\u0131lar K\u00fclt\u00fcr Yard\u0131mla\u015fma Ve Dayan\u0131\u015fma Derne\u011fi \u201cPalyan\u0131tsya\u201d) \u0414\u0430\u0442\u0430 \u0441\u0442\u0432\u043e\u0440\u0435\u043d\u043d\u044f:\u00a020.09.2022. \u0410\u0434\u0440\u0435\u0441\u0430: \u0413\u043e\u043b\u043e\u0432\u0430: \u0415\u043b\u0435\u043a\u0442\u0440\u043e\u043d\u043d\u0430 \u043f\u043e\u0448\u0442\u0430: \u0422\u0435\u043b\u0435\u0444\u043e\u043d:<\/p>\n","protected":false},"author":2,"featured_media":32000,"parent":3159,"menu_order":0,"comment_status":"closed","ping_status":"closed","template":"","meta":{"footnotes":""},"class_list":["post-32002","page","type-page","status-publish","has-post-thumbnail","hentry"],"_links":{"self":[{"href":"https:\/\/www.ukr-ayna.com\/uk\/wp-json\/wp\/v2\/pages\/32002","targetHints":{"allow":["GET"]}}],"collection":[{"href":"https:\/\/www.ukr-ayna.com\/uk\/wp-json\/wp\/v2\/pages"}],"about":[{"href":"https:\/\/www.ukr-ayna.com\/uk\/wp-json\/wp\/v2\/types\/page"}],"author":[{"embeddable":true,"href":"https:\/\/www.ukr-ayna.com\/uk\/wp-json\/wp\/v2\/users\/2"}],"replies":[{"embeddable":true,"href":"https:\/\/www.ukr-ayna.com\/uk\/wp-json\/wp\/v2\/comments?post=32002"}],"version-history":[{"count":4,"href":"https:\/\/www.ukr-ayna.com\/uk\/wp-json\/wp\/v2\/pages\/32002\/revisions"}],"predecessor-version":[{"id":32005,"href":"https:\/\/www.ukr-ayna.com\/uk\/wp-json\/wp\/v2\/pages\/32002\/revisions\/32005"}],"up":[{"embeddable":true,"href":"https:\/\/www.ukr-ayna.com\/uk\/wp-json\/wp\/v2\/pages\/3159"}],"wp:featuredmedia":[{"embeddable":true,"href":"https:\/\/www.ukr-ayna.com\/uk\/wp-json\/wp\/v2\/media\/32000"}],"wp:attachment":[{"href":"https:\/\/www.ukr-ayna.com\/uk\/wp-json\/wp\/v2\/media?parent=32002"}],"curies":[{"name":"wp","href":"https:\/\/api.w.org\/{rel}","templated":true}]}}