{"id":31870,"date":"2022-04-16T11:25:15","date_gmt":"2022-04-16T09:25:15","guid":{"rendered":"https:\/\/www.ukr-ayna.com\/diaspora\/kulturni-tovaristva\/asociaciya-ukrainciv-u-mersini\/"},"modified":"2022-04-16T12:06:40","modified_gmt":"2022-04-16T10:06:40","slug":"asociaciya-ukrainciv-u-mersini","status":"publish","type":"page","link":"https:\/\/www.ukr-ayna.com\/uk\/diaspora\/kulturni-tovaristva\/asociaciya-ukrainciv-u-mersini\/","title":{"rendered":"\u0410\u0441\u043e\u0446\u0456\u0430\u0446\u0456\u044f \u0443\u043a\u0440\u0430\u0457\u043d\u0446\u0456\u0432 \u0443 \u041c\u0435\u0440\u0441\u0456\u043d\u0456"},"content":{"rendered":"<h4><strong>\u041d\u0430\u0437\u0432\u0430 \u043e\u0440\u0433\u0430\u043d\u0456\u0437\u0430\u0446\u0456\u0457:\u00a0<\/strong><strong>\u0410\u0441\u043e\u0446\u0456\u0430\u0446\u0456\u044f <\/strong><strong>\u0443<\/strong><strong>\u043a\u0440\u0430\u0457\u043d\u0446\u0456\u0432 <\/strong><strong>\u0443<\/strong><strong> \u041c\u0435\u0440\u0441\u0456\u043d\u0456\u00a0<\/strong>(<strong>Mersin Ukraynal\u0131lar K\u00fclt\u00fcr ve E\u011fitim Derne\u011fi<\/strong>)<\/h4>\n<p><strong>\u0414\u0430\u0442\u0430 \u0441\u0442\u0432\u043e\u0440\u0435\u043d\u043d\u044f:<\/strong> 2022.<\/p>\n<p><strong>\u0410\u0434\u0440\u0435\u0441\u0430<\/strong>: Akdeniz Mah Fatih Caddesi Aral 1 Apart No:17\/B MEZITLI -Mersin<\/p>\n<p><strong>\u0413\u043e\u043b\u043e\u0432\u0430<\/strong>: <a href=\"https:\/\/www.facebook.com\/galyna.veselukha\">\u0413\u0430\u043b\u0438\u043d\u0430 \u0412\u0435\u0441\u0435\u043b\u0443\u0445\u0430<\/a><\/p>\n<p><strong>\u0415\u043b\u0435\u043a\u0442\u0440\u043e\u043d\u043d\u0430 \u043f\u043e\u0448\u0442\u0430<\/strong>: mersinukraynalilar@gmail.com<\/p>\n<p><strong>\u0422\u0435\u043b\u0435\u0444\u043e\u043d<\/strong>: +905392473914, +905352851312<\/p>\n<a href=\"https:\/\/www.facebook.com\/Mersin-Ukraynal%C4%B1lar-K%C3%BClt%C3%BCr-ve-E%C4%9Fitim-Derne%C4%9Fi%D0%90%D1%81%D0%BE%D1%86%D1%96%D0%B0%D1%86%D1%96%D1%8F-%D1%83%D0%BA%D1%80%D0%B0%D1%97%D0%BD%D1%86%D1%96%D0%B2-%D0%B2-%D0%9C%D0%B5%D1%80%D1%81%D1%96%D0%BD%D1%96-110425821534704\" class=\"su-button su-button-style-default\" style=\"color:#FFFFFF;background-color:#2D89EF;border-color:#246ec0;border-radius:5px;-moz-border-radius:5px;-webkit-border-radius:5px\" target=\"_blank\" rel=\"noopener noreferrer\"><span style=\"color:#FFFFFF;padding:6px 16px;font-size:13px;line-height:20px;border-color:#6cadf4;border-radius:5px;-moz-border-radius:5px;-webkit-border-radius:5px;text-shadow:none;-moz-text-shadow:none;-webkit-text-shadow:none\"><img decoding=\"async\" src=\"https:\/\/www.ukr-ayna.com\/wp-content\/uploads\/2021\/02\/fb.png\" alt=\"\u0410\u0441\u043e\u0446\u0456\u0430\u0446\u0456\u044f \u0443\u043a\u0440\u0430\u0457\u043d\u0446\u0456\u0432 \u0443 \u041c\u0435\u0440\u0441\u0456\u043d\u0456\" style=\"width:20px;height:20px\" \/> \u0410\u0441\u043e\u0446\u0456\u0430\u0446\u0456\u044f \u0443\u043a\u0440\u0430\u0457\u043d\u0446\u0456\u0432 \u0443 \u041c\u0435\u0440\u0441\u0456\u043d\u0456<\/span><\/a>\n<a href=\"https:\/\/instagram.com\/mersinua?utm_medium=copy_link\" class=\"su-button su-button-style-default\" style=\"color:#FFFFFF;background-color:#2D89EF;border-color:#246ec0;border-radius:5px;-moz-border-radius:5px;-webkit-border-radius:5px\" target=\"_blank\" rel=\"noopener noreferrer\"><span style=\"color:#FFFFFF;padding:6px 16px;font-size:13px;line-height:20px;border-color:#6cadf4;border-radius:5px;-moz-border-radius:5px;-webkit-border-radius:5px;text-shadow:none;-moz-text-shadow:none;-webkit-text-shadow:none\"><img decoding=\"async\" src=\"https:\/\/www.ukr-ayna.com\/wp-content\/uploads\/2021\/02\/Instagram.png\" alt=\"\u0410\u0441\u043e\u0446\u0456\u0430\u0446\u0456\u044f \u0443\u043a\u0440\u0430\u0457\u043d\u0446\u0456\u0432 \u0432 \u041c\u0435\u0440\u0441\u0456\u043d\u0456\" style=\"width:20px;height:20px\" \/> \u0410\u0441\u043e\u0446\u0456\u0430\u0446\u0456\u044f \u0443\u043a\u0440\u0430\u0457\u043d\u0446\u0456\u0432 \u0432 \u041c\u0435\u0440\u0441\u0456\u043d\u0456<\/span><\/a>\n<a href=\"https:\/\/t.me\/mersinua\" class=\"su-button su-button-style-default\" style=\"color:#FFFFFF;background-color:#2D89EF;border-color:#246ec0;border-radius:5px;-moz-border-radius:5px;-webkit-border-radius:5px\" target=\"_blank\" rel=\"noopener noreferrer\"><span style=\"color:#FFFFFF;padding:6px 16px;font-size:13px;line-height:20px;border-color:#6cadf4;border-radius:5px;-moz-border-radius:5px;-webkit-border-radius:5px;text-shadow:none;-moz-text-shadow:none;-webkit-text-shadow:none\"><img decoding=\"async\" src=\"https:\/\/www.ukr-ayna.com\/wp-content\/uploads\/2022\/03\/Telegram_Messenger.png\" alt=\"MersinUA\" style=\"width:20px;height:20px\" \/> MersinUA<\/span><\/a>\n","protected":false},"excerpt":{"rendered":"<p>\u041d\u0430\u0437\u0432\u0430 \u043e\u0440\u0433\u0430\u043d\u0456\u0437\u0430\u0446\u0456\u0457:\u00a0\u0410\u0441\u043e\u0446\u0456\u0430\u0446\u0456\u044f \u0443\u043a\u0440\u0430\u0457\u043d\u0446\u0456\u0432 \u0443 \u041c\u0435\u0440\u0441\u0456\u043d\u0456\u00a0(Mersin Ukraynal\u0131lar K\u00fclt\u00fcr ve E\u011fitim Derne\u011fi) \u0414\u0430\u0442\u0430 \u0441\u0442\u0432\u043e\u0440\u0435\u043d\u043d\u044f: 2022. \u0410\u0434\u0440\u0435\u0441\u0430: Akdeniz Mah Fatih Caddesi Aral 1 Apart No:17\/B MEZITLI -Mersin \u0413\u043e\u043b\u043e\u0432\u0430: \u0413\u0430\u043b\u0438\u043d\u0430 \u0412\u0435\u0441\u0435\u043b\u0443\u0445\u0430 \u0415\u043b\u0435\u043a\u0442\u0440\u043e\u043d\u043d\u0430 \u043f\u043e\u0448\u0442\u0430: mersinukraynalilar@gmail.com \u0422\u0435\u043b\u0435\u0444\u043e\u043d: +905392473914, +905352851312<\/p>\n","protected":false},"author":2,"featured_media":31810,"parent":3159,"menu_order":0,"comment_status":"closed","ping_status":"closed","template":"","meta":{"footnotes":""},"class_list":["post-31870","page","type-page","status-publish","has-post-thumbnail","hentry"],"_links":{"self":[{"href":"https:\/\/www.ukr-ayna.com\/uk\/wp-json\/wp\/v2\/pages\/31870","targetHints":{"allow":["GET"]}}],"collection":[{"href":"https:\/\/www.ukr-ayna.com\/uk\/wp-json\/wp\/v2\/pages"}],"about":[{"href":"https:\/\/www.ukr-ayna.com\/uk\/wp-json\/wp\/v2\/types\/page"}],"author":[{"embeddable":true,"href":"https:\/\/www.ukr-ayna.com\/uk\/wp-json\/wp\/v2\/users\/2"}],"replies":[{"embeddable":true,"href":"https:\/\/www.ukr-ayna.com\/uk\/wp-json\/wp\/v2\/comments?post=31870"}],"version-history":[{"count":4,"href":"https:\/\/www.ukr-ayna.com\/uk\/wp-json\/wp\/v2\/pages\/31870\/revisions"}],"predecessor-version":[{"id":31886,"href":"https:\/\/www.ukr-ayna.com\/uk\/wp-json\/wp\/v2\/pages\/31870\/revisions\/31886"}],"up":[{"embeddable":true,"href":"https:\/\/www.ukr-ayna.com\/uk\/wp-json\/wp\/v2\/pages\/3159"}],"wp:featuredmedia":[{"embeddable":true,"href":"https:\/\/www.ukr-ayna.com\/uk\/wp-json\/wp\/v2\/media\/31810"}],"wp:attachment":[{"href":"https:\/\/www.ukr-ayna.com\/uk\/wp-json\/wp\/v2\/media?parent=31870"}],"curies":[{"name":"wp","href":"https:\/\/api.w.org\/{rel}","templated":true}]}}