{"id":31156,"date":"2021-02-22T11:48:03","date_gmt":"2021-02-22T09:48:03","guid":{"rendered":"https:\/\/www.ukr-ayna.com\/?page_id=31156\/"},"modified":"2021-02-22T15:45:28","modified_gmt":"2021-02-22T13:45:28","slug":"kulturno-osvitnie-tovaristvo-solidarnosti-spivpraci-ta-druzhbi-adani-ta-ukraini","status":"publish","type":"page","link":"https:\/\/www.ukr-ayna.com\/uk\/diaspora\/kulturni-tovaristva\/kulturno-osvitnie-tovaristvo-solidarnosti-spivpraci-ta-druzhbi-adani-ta-ukraini\/","title":{"rendered":"\u041a\u0443\u043b\u044c\u0442\u0443\u0440\u043d\u043e-\u043e\u0441\u0432\u0456\u0442\u043d\u0454 \u0442\u043e\u0432\u0430\u0440\u0438\u0441\u0442\u0432\u043e \u0441\u043e\u043b\u0456\u0434\u0430\u0440\u043d\u043e\u0441\u0442\u0456, \u0441\u043f\u0456\u0432\u043f\u0440\u0430\u0446\u0456 \u0442\u0430 \u0434\u0440\u0443\u0436\u0431\u0438 \u0410\u0434\u0430\u043d\u0438 \u0442\u0430 \u0423\u043a\u0440\u0430\u0457\u043d\u0438"},"content":{"rendered":"<h4><strong>\u041d\u0430\u0437\u0432\u0430 \u043e\u0440\u0433\u0430\u043d\u0456\u0437\u0430\u0446\u0456\u0457:<\/strong> \u041a\u0443\u043b\u044c\u0442\u0443\u0440\u043d\u043e-\u043e\u0441\u0432\u0456\u0442\u043d\u0454 \u0442\u043e\u0432\u0430\u0440\u0438\u0441\u0442\u0432\u043e \u0441\u043e\u043b\u0456\u0434\u0430\u0440\u043d\u043e\u0441\u0442\u0456, \u0441\u043f\u0456\u0432\u043f\u0440\u0430\u0446\u0456 \u0442\u0430 \u0434\u0440\u0443\u0436\u0431\u0438 \u0410\u0434\u0430\u043d\u0438 \u0442\u0430 \u0423\u043a\u0440\u0430\u0457\u043d\u0438 (Adana-Ukrayna Dostluk K\u00fclt\u00fcr E\u011fitim Yard\u0131mla\u015fma ve Dayan\u0131\u015fma Derne\u011fi)<\/h4>\n<p><strong>\u0414\u0430\u0442\u0430 \u0441\u0442\u0432\u043e\u0440\u0435\u043d\u043d\u044f:<\/strong> 15.12.2019.<\/p>\n<p><strong>\u0410\u0434\u0440\u0435\u0441\u0430<\/strong>: Ziyapa\u015fa Bul, \u00c7\u0131narl\u0131 Mah, Akasya Apt, 61 \/ 1. Adana.<\/p>\n<p><strong>\u0413\u043e\u043b\u043e\u0432\u0430<\/strong>:<a href=\"https:\/\/www.facebook.com\/profile.php?id=100006110102008\"> \u0406\u0440\u0435\u043c \u0422\u0430\u0440\u0438<\/a>.<\/p>\n<p><strong>\u0415\u043b\u0435\u043a\u0442\u0440\u043e\u043d\u043d\u0430 \u043f\u043e\u0448\u0442\u0430<\/strong>:\u00a0Uk.ad.der01@gmail.com<\/p>\n<p><strong>\u0422\u0435\u043b\u0435\u0444\u043e\u043d<\/strong>: +95307706018.<\/p>\n<p><strong>\u0412\u0435\u0431\u0441\u0430\u0439\u0442<\/strong>:<a href=\"https:\/\/adanaukraina.wixsite.com\/adanaukraina\"> www.adanaukraina.wixsite.com\/adanaukraina<\/a><\/p>\n<a href=\"https:\/\/www.facebook.com\/ukadder\" class=\"su-button su-button-style-default\" style=\"color:#FFFFFF;background-color:#2D89EF;border-color:#246ec0;border-radius:5px;-moz-border-radius:5px;-webkit-border-radius:5px\" target=\"_blank\" rel=\"noopener noreferrer\"><span style=\"color:#FFFFFF;padding:6px 16px;font-size:13px;line-height:20px;border-color:#6cadf4;border-radius:5px;-moz-border-radius:5px;-webkit-border-radius:5px;text-shadow:none;-moz-text-shadow:none;-webkit-text-shadow:none\"><img decoding=\"async\" src=\"https:\/\/www.ukr-ayna.com\/wp-content\/uploads\/2021\/02\/fb.png\" alt=\"\u0423\u041a\u2013\u0410\u0414 \u0422\u041e\u0412\u0410\u0420\u0418\u0421\u0422\u0412\u041e\" style=\"width:20px;height:20px\" \/> \u0423\u041a\u2013\u0410\u0414 \u0422\u041e\u0412\u0410\u0420\u0418\u0421\u0422\u0412\u041e<\/span><\/a>\n<a href=\"https:\/\/www.instagram.com\/ukr_adana\/\" class=\"su-button su-button-style-default\" style=\"color:#FFFFFF;background-color:#2D89EF;border-color:#246ec0;border-radius:5px;-moz-border-radius:5px;-webkit-border-radius:5px\" target=\"_blank\" rel=\"noopener noreferrer\"><span style=\"color:#FFFFFF;padding:6px 16px;font-size:13px;line-height:20px;border-color:#6cadf4;border-radius:5px;-moz-border-radius:5px;-webkit-border-radius:5px;text-shadow:none;-moz-text-shadow:none;-webkit-text-shadow:none\"><img decoding=\"async\" src=\"https:\/\/www.ukr-ayna.com\/wp-content\/uploads\/2021\/02\/Instagram.png\" alt=\"\u0423\u041a-\u0410\u0414 \u0422\u041e\u0412\u0410\u0420\u0418\u0421\u0422\u0412\u041e\" style=\"width:20px;height:20px\" \/> \u0423\u041a-\u0410\u0414 \u0422\u041e\u0412\u0410\u0420\u0418\u0421\u0422\u0412\u041e<\/span><\/a>\n<p>&nbsp;<\/p>\n<p><strong>\u041c\u0435\u0442\u0430 \u0442\u0430 \u0437\u0430\u0432\u0434\u0430\u043d\u043d\u044f \u043e\u0440\u0433\u0430\u043d\u0456\u0437\u0430\u0446\u0456\u0457:\u00a0<\/strong><\/p>\n<ul>\n<li>\u0432\u043d\u043e\u0441\u0438\u0442\u0438 \u0441\u0432\u0456\u0439 \u0432\u043a\u043b\u0430\u0434 \u0432 \u0443\u043a\u0440\u0430\u0457\u043d\u0441\u044c\u043a\u043e-\u0442\u0443\u0440\u0435\u0446\u044c\u043a\u0456 \u0432\u0456\u0434\u043d\u043e\u0441\u0438\u043d\u0438 \u0432 \u0441\u0444\u0435\u0440\u0456 \u043a\u0443\u043b\u044c\u0442\u0443\u0440\u0438, \u043e\u0441\u0432\u0456\u0442\u0438, \u0437\u0434\u043e\u0440\u043e\u0432&#8217;\u044f, \u043d\u0430\u0443\u043a\u0438 \u0456 \u0441\u043f\u043e\u0440\u0442\u0443<\/li>\n<li>\u043e\u0431&#8217;\u0454\u0434\u043d\u0430\u0442\u0438 \u0432\u0441\u0456\u0445 \u0443\u043a\u0440\u0430\u0457\u043d\u0446\u0456\u0432, \u044f\u043a\u0456 \u043f\u0440\u043e\u0436\u0438\u0432\u0430\u044e\u0442\u044c \u043d\u0430 \u043f\u0456\u0432\u0434\u043d\u0456 \u0442\u0443\u0440\u0435\u0447\u0447\u0438\u043d\u0438<\/li>\n<li>\u0434\u043e\u043d\u0435\u0441\u0442\u0438 \u043b\u044e\u0431\u043e\u0432, \u043a\u0443\u043b\u044c\u0442\u0443\u0440\u0443 \u0456 \u043c\u043e\u0432\u0443 \u0423\u043a\u0440\u0430\u0457\u043d\u0438 \u0434\u043e \u0443\u043a\u0440\u0430\u0457\u043d\u0441\u044c\u043a\u043e-\u0442\u0443\u0440\u0435\u0446\u044c\u043a\u0438\u0445 \u0434\u0456\u0442\u0435\u0439<\/li>\n<li>\u043d\u0430\u0432\u0447\u0430\u0442\u0438 \u0432\u0441\u0456\u0445 \u043e\u0445\u043e\u0447\u0438\u0445 \u0443\u043a\u0440\u0430\u0457\u043d\u0441\u044c\u043a\u043e\u0457 \u043c\u043e\u0432\u0438<\/li>\n<li>\u0431\u0443\u0442\u0438 \u043c\u043e\u0441\u0442\u043e\u043c \u0443 \u0434\u0440\u0443\u0436\u043d\u0456\u0445 \u0432\u0456\u0434\u043d\u043e\u0441\u0438\u043d\u0430\u0445 \u0423\u043a\u0440\u0430\u0457\u043d\u0438 \u0456 \u041f\u0456\u0432\u0434\u043d\u044f \u0422\u0443\u0440\u0435\u0447\u0447\u0438\u043d\u0438<\/li>\n<\/ul>\n","protected":false},"excerpt":{"rendered":"<p>\u041d\u0430\u0437\u0432\u0430 \u043e\u0440\u0433\u0430\u043d\u0456\u0437\u0430\u0446\u0456\u0457: \u041a\u0443\u043b\u044c\u0442\u0443\u0440\u043d\u043e-\u043e\u0441\u0432\u0456\u0442\u043d\u0454 \u0442\u043e\u0432\u0430\u0440\u0438\u0441\u0442\u0432\u043e \u0441\u043e\u043b\u0456\u0434\u0430\u0440\u043d\u043e\u0441\u0442\u0456, \u0441\u043f\u0456\u0432\u043f\u0440\u0430\u0446\u0456 \u0442\u0430 \u0434\u0440\u0443\u0436\u0431\u0438 \u0410\u0434\u0430\u043d\u0438 \u0442\u0430 \u0423\u043a\u0440\u0430\u0457\u043d\u0438 (Adana-Ukrayna Dostluk K\u00fclt\u00fcr E\u011fitim Yard\u0131mla\u015fma ve Dayan\u0131\u015fma Derne\u011fi) \u0414\u0430\u0442\u0430 \u0441\u0442\u0432\u043e\u0440\u0435\u043d\u043d\u044f: 15.12.2019. \u0410\u0434\u0440\u0435\u0441\u0430: Ziyapa\u015fa Bul, \u00c7\u0131narl\u0131 Mah, Akasya Apt, 61 \/ 1. Adana. \u0413\u043e\u043b\u043e\u0432\u0430: \u0406\u0440\u0435\u043c \u0422\u0430\u0440\u0438. \u0415\u043b\u0435\u043a\u0442\u0440\u043e\u043d\u043d\u0430 \u043f\u043e\u0448\u0442\u0430:\u00a0Uk.ad.der01@gmail.com \u0422\u0435\u043b\u0435\u0444\u043e\u043d: +95307706018. \u0412\u0435\u0431\u0441\u0430\u0439\u0442: www.adanaukraina.wixsite.com\/adanaukraina &nbsp; \u041c\u0435\u0442\u0430 \u0442\u0430 \u0437\u0430\u0432\u0434\u0430\u043d\u043d\u044f \u043e\u0440\u0433\u0430\u043d\u0456\u0437\u0430\u0446\u0456\u0457:\u00a0 \u0432\u043d\u043e\u0441\u0438\u0442\u0438 \u0441\u0432\u0456\u0439 \u0432\u043a\u043b\u0430\u0434 \u0432 \u0443\u043a\u0440\u0430\u0457\u043d\u0441\u044c\u043a\u043e-\u0442\u0443\u0440\u0435\u0446\u044c\u043a\u0456 \u0432\u0456\u0434\u043d\u043e\u0441\u0438\u043d\u0438 \u0432 \u0441\u0444\u0435\u0440\u0456 \u043a\u0443\u043b\u044c\u0442\u0443\u0440\u0438, \u043e\u0441\u0432\u0456\u0442\u0438, \u0437\u0434\u043e\u0440\u043e\u0432&#8217;\u044f, \u043d\u0430\u0443\u043a\u0438 \u0456 \u0441\u043f\u043e\u0440\u0442\u0443 \u043e\u0431&#8217;\u0454\u0434\u043d\u0430\u0442\u0438 \u0432\u0441\u0456\u0445 \u0443\u043a\u0440\u0430\u0457\u043d\u0446\u0456\u0432, \u044f\u043a\u0456 \u043f\u0440\u043e\u0436\u0438\u0432\u0430\u044e\u0442\u044c \u043d\u0430 \u043f\u0456\u0432\u0434\u043d\u0456 \u0442\u0443\u0440\u0435\u0447\u0447\u0438\u043d\u0438 \u0434\u043e\u043d\u0435\u0441\u0442\u0438 \u043b\u044e\u0431\u043e\u0432, \u043a\u0443\u043b\u044c\u0442\u0443\u0440\u0443 \u0456 \u043c\u043e\u0432\u0443 \u0423\u043a\u0440\u0430\u0457\u043d\u0438 \u0434\u043e \u0443\u043a\u0440\u0430\u0457\u043d\u0441\u044c\u043a\u043e-\u0442\u0443\u0440\u0435\u0446\u044c\u043a\u0438\u0445 \u0434\u0456\u0442\u0435\u0439 \u043d\u0430\u0432\u0447\u0430\u0442\u0438 \u0432\u0441\u0456\u0445 \u043e\u0445\u043e\u0447\u0438\u0445 \u0443\u043a\u0440\u0430\u0457\u043d\u0441\u044c\u043a\u043e\u0457 \u043c\u043e\u0432\u0438 \u0431\u0443\u0442\u0438 \u043c\u043e\u0441\u0442\u043e\u043c \u0443 \u0434\u0440\u0443\u0436\u043d\u0456\u0445 \u0432\u0456\u0434\u043d\u043e\u0441\u0438\u043d\u0430\u0445 \u0423\u043a\u0440\u0430\u0457\u043d\u0438 \u0456 \u041f\u0456\u0432\u0434\u043d\u044f \u0422\u0443\u0440\u0435\u0447\u0447\u0438\u043d\u0438<\/p>\n","protected":false},"author":2,"featured_media":31154,"parent":3159,"menu_order":0,"comment_status":"closed","ping_status":"closed","template":"","meta":{"footnotes":""},"class_list":["post-31156","page","type-page","status-publish","has-post-thumbnail","hentry"],"_links":{"self":[{"href":"https:\/\/www.ukr-ayna.com\/uk\/wp-json\/wp\/v2\/pages\/31156","targetHints":{"allow":["GET"]}}],"collection":[{"href":"https:\/\/www.ukr-ayna.com\/uk\/wp-json\/wp\/v2\/pages"}],"about":[{"href":"https:\/\/www.ukr-ayna.com\/uk\/wp-json\/wp\/v2\/types\/page"}],"author":[{"embeddable":true,"href":"https:\/\/www.ukr-ayna.com\/uk\/wp-json\/wp\/v2\/users\/2"}],"replies":[{"embeddable":true,"href":"https:\/\/www.ukr-ayna.com\/uk\/wp-json\/wp\/v2\/comments?post=31156"}],"version-history":[{"count":3,"href":"https:\/\/www.ukr-ayna.com\/uk\/wp-json\/wp\/v2\/pages\/31156\/revisions"}],"predecessor-version":[{"id":31183,"href":"https:\/\/www.ukr-ayna.com\/uk\/wp-json\/wp\/v2\/pages\/31156\/revisions\/31183"}],"up":[{"embeddable":true,"href":"https:\/\/www.ukr-ayna.com\/uk\/wp-json\/wp\/v2\/pages\/3159"}],"wp:featuredmedia":[{"embeddable":true,"href":"https:\/\/www.ukr-ayna.com\/uk\/wp-json\/wp\/v2\/media\/31154"}],"wp:attachment":[{"href":"https:\/\/www.ukr-ayna.com\/uk\/wp-json\/wp\/v2\/media?parent=31156"}],"curies":[{"name":"wp","href":"https:\/\/api.w.org\/{rel}","templated":true}]}}