{"id":31098,"date":"2021-02-18T22:29:37","date_gmt":"2021-02-18T20:29:37","guid":{"rendered":"https:\/\/www.ukr-ayna.com\/?page_id=31098\/"},"modified":"2021-02-18T22:33:13","modified_gmt":"2021-02-18T20:33:13","slug":"ukrainske-kulturne-tovaristvo","status":"publish","type":"page","link":"https:\/\/www.ukr-ayna.com\/uk\/diaspora\/kulturni-tovaristva\/ukrainske-kulturne-tovaristvo\/","title":{"rendered":"\u0423\u043a\u0440\u0430\u0457\u043d\u0441\u044c\u043a\u0435 \u043a\u0443\u043b\u044c\u0442\u0443\u0440\u043d\u0435 \u0442\u043e\u0432\u0430\u0440\u0438\u0441\u0442\u0432\u043e"},"content":{"rendered":"<h4><strong>\u041d\u0430\u0437\u0432\u0430 \u043e\u0440\u0433\u0430\u043d\u0456\u0437\u0430\u0446\u0456\u0457: \u0423\u043a\u0440\u0430\u0457\u043d\u0441\u044c\u043a\u0435 \u043a\u0443\u043b\u044c\u0442\u0443\u0440\u043d\u0435 \u0442\u043e\u0432\u0430\u0440\u0438\u0441\u0442\u0432\u043e<\/strong>\u00a0(Ukrayna K\u00fclt\u00fcr Derne\u011fi )<\/h4>\n<p><strong>\u0414\u0430\u0442\u0430 \u0441\u0442\u0432\u043e\u0440\u0435\u043d\u043d\u044f:<\/strong> 10.06.2008.<\/p>\n<p><strong>\u0410\u0434\u0440\u0435\u0441\u0430<\/strong>: G\u00fclbahar Mahallesi \u015eehit Ertu\u011frul Kabata\u015f Caddesi, Ek\u015fio\u011flu \u015eim\u015fek \u0130\u015f hani Apt no:8\/10 \u015ei\u015fli\/ \u0130STANBUL.<\/p>\n<p><strong>\u0413\u043e\u043b\u043e\u0432\u0430<\/strong>:\u00a0\u041c\u0443\u043d\u0430\u0432\u0430\u0440\u0430 \u0423\u0441\u0435\u043d\u043e\u0432\u0430.<\/p>\n<p><strong>\u0415\u043b\u0435\u043a\u0442\u0440\u043e\u043d\u043d\u0430 \u043f\u043e\u0448\u0442\u0430<\/strong>: ukraynastambul@gmail.com<\/p>\n<p><strong>\u0422\u0435\u043b\u0435\u0444\u043e\u043d<\/strong>: +905373564124.<\/p>\n<p><strong>\u0412\u0435\u0431\u0441\u0430\u0439\u0442<\/strong>:\u00a0<a href=\"http:\/\/www.ukraynaistanbul.com\/\">www.ukraynaistanbul.com<\/a><\/p>\n<a href=\"https:\/\/www.facebook.com\/%D0%A3%D0%BA%D1%80%D0%B0%D1%97%D0%BD%D1%81%D1%8C%D0%BA%D0%B5-%D0%BA%D1%83%D0%BB%D1%8C%D1%82%D1%83%D1%80%D0%BD%D0%B5-%D1%82%D0%BE%D0%B2%D0%B0%D1%80%D0%B8%D1%81%D1%82%D0%B2%D0%BE-Ukrayna-K%C3%BClt%C3%BCr-Derne%C4%9Fi-891366941005861\/\" class=\"su-button su-button-style-default\" style=\"color:#FFFFFF;background-color:#2D89EF;border-color:#246ec0;border-radius:5px;-moz-border-radius:5px;-webkit-border-radius:5px\" target=\"_self\"><span style=\"color:#FFFFFF;padding:6px 16px;font-size:13px;line-height:20px;border-color:#6cadf4;border-radius:5px;-moz-border-radius:5px;-webkit-border-radius:5px;text-shadow:none;-moz-text-shadow:none;-webkit-text-shadow:none\"><img decoding=\"async\" src=\"https:\/\/www.ukr-ayna.com\/wp-content\/uploads\/2021\/02\/fb.png\" alt=\"\u0423\u043a\u0440\u0430\u0457\u043d\u0441\u044c\u043a\u0435 \u043a\u0443\u043b\u044c\u0442\u0443\u0440\u043d\u0435 \u0442\u043e\u0432\u0430\u0440\u0438\u0441\u0442\u0432\u043e\" style=\"width:20px;height:20px\" \/> \u0423\u043a\u0440\u0430\u0457\u043d\u0441\u044c\u043a\u0435 \u043a\u0443\u043b\u044c\u0442\u0443\u0440\u043d\u0435 \u0442\u043e\u0432\u0430\u0440\u0438\u0441\u0442\u0432\u043e<\/span><\/a>\n<p>&nbsp;<\/p>\n<p><strong>\u041c\u0435\u0442\u0430 \u0442\u0430 \u0437\u0430\u0432\u0434\u0430\u043d\u043d\u044f \u043e\u0440\u0433\u0430\u043d\u0456\u0437\u0430\u0446\u0456\u0457:<\/strong><br \/>\n&#8211; \u0420\u043e\u0437\u0432\u0438\u0442\u043e\u043a \u0441\u0442\u043e\u0441\u0443\u043d\u043a\u0456\u0432 \u043c\u0456\u0436 \u0423\u043a\u0440\u0430\u0457\u043d\u043e\u044e \u0456 \u0422\u0443\u0440\u0435\u0447\u0447\u0438\u043d\u043e\u044e \u0443 \u0441\u0444\u0435\u0440\u0456 \u043a\u0443\u043b\u044c\u0442\u0443\u0440\u0438, \u043e\u0441\u0432\u0456\u0442\u0438, \u043d\u0430\u0443\u043a\u0438, \u0442\u0443\u0440\u0438\u0437\u043c\u0443 \u0456 \u0441\u043f\u043e\u0440\u0442\u0443;<br \/>\n&#8211; \u041f\u043e\u0448\u0438\u0440\u0435\u043d\u043d\u044f \u0456\u043d\u0444\u043e\u0440\u043c\u0430\u0446\u0456\u0457 \u043f\u0440\u043e \u0423\u043a\u0440\u0430\u0457\u043d\u0443;<br \/>\n\u0456\u0441\u0442\u043e\u0440\u0456\u044e, \u043a\u0443\u043b\u044c\u0442\u0443\u0440\u0443, \u043b\u0456\u0442\u0435\u0440\u0430\u0442\u0443\u0440\u0443 \u0423\u043a\u0440\u0430\u0457\u043d\u0438;<br \/>\n&#8211; \u0414\u043e\u043f\u043e\u043c\u043e\u0433\u0430 \u0431\u0430\u0436\u0430\u044e\u0447\u0438\u043c \u0432\u0438\u0432\u0447\u0430\u0442\u0438 \u0443\u043a\u0440\u0430\u0457\u043d\u0441\u044c\u043a\u0443 \u043c\u043e\u0432\u0443;<br \/>\n&#8211; \u041f\u043e\u0441\u0438\u043b\u044e\u0432\u0430\u043d\u043d\u044f \u0437\u0432&#8217;\u044f\u0437\u043a\u0443 \u043c\u0456\u0436 \u0433\u0440\u043e\u043c\u0430\u0434\u044f\u043d\u0430\u043c\u0438 \u0423\u043a\u0440\u0430\u0457\u043d\u0438, \u0432\u0438\u0445\u043e\u0432\u0430\u043d\u043d\u044f \u0434\u0456\u0442\u0435\u0439 \u0432 \u0434\u0443\u0441\u0456 \u043f\u0430\u0442\u0440\u0456\u043e\u0442\u0438\u0437\u043c\u0443.<\/p>\n","protected":false},"excerpt":{"rendered":"<p>\u041d\u0430\u0437\u0432\u0430 \u043e\u0440\u0433\u0430\u043d\u0456\u0437\u0430\u0446\u0456\u0457: \u0423\u043a\u0440\u0430\u0457\u043d\u0441\u044c\u043a\u0435 \u043a\u0443\u043b\u044c\u0442\u0443\u0440\u043d\u0435 \u0442\u043e\u0432\u0430\u0440\u0438\u0441\u0442\u0432\u043e\u00a0(Ukrayna K\u00fclt\u00fcr Derne\u011fi ) \u0414\u0430\u0442\u0430 \u0441\u0442\u0432\u043e\u0440\u0435\u043d\u043d\u044f: 10.06.2008. \u0410\u0434\u0440\u0435\u0441\u0430: G\u00fclbahar Mahallesi \u015eehit Ertu\u011frul Kabata\u015f Caddesi, Ek\u015fio\u011flu \u015eim\u015fek \u0130\u015f hani Apt no:8\/10 \u015ei\u015fli\/ \u0130STANBUL. \u0413\u043e\u043b\u043e\u0432\u0430:\u00a0\u041c\u0443\u043d\u0430\u0432\u0430\u0440\u0430 \u0423\u0441\u0435\u043d\u043e\u0432\u0430. \u0415\u043b\u0435\u043a\u0442\u0440\u043e\u043d\u043d\u0430 \u043f\u043e\u0448\u0442\u0430: ukraynastambul@gmail.com \u0422\u0435\u043b\u0435\u0444\u043e\u043d: +905373564124. \u0412\u0435\u0431\u0441\u0430\u0439\u0442:\u00a0www.ukraynaistanbul.com &nbsp; \u041c\u0435\u0442\u0430 \u0442\u0430 \u0437\u0430\u0432\u0434\u0430\u043d\u043d\u044f \u043e\u0440\u0433\u0430\u043d\u0456\u0437\u0430\u0446\u0456\u0457: &#8211; \u0420\u043e\u0437\u0432\u0438\u0442\u043e\u043a \u0441\u0442\u043e\u0441\u0443\u043d\u043a\u0456\u0432 \u043c\u0456\u0436 \u0423\u043a\u0440\u0430\u0457\u043d\u043e\u044e \u0456 \u0422\u0443\u0440\u0435\u0447\u0447\u0438\u043d\u043e\u044e \u0443 \u0441\u0444\u0435\u0440\u0456 \u043a\u0443\u043b\u044c\u0442\u0443\u0440\u0438, \u043e\u0441\u0432\u0456\u0442\u0438, \u043d\u0430\u0443\u043a\u0438, \u0442\u0443\u0440\u0438\u0437\u043c\u0443 \u0456 \u0441\u043f\u043e\u0440\u0442\u0443; &#8211; \u041f\u043e\u0448\u0438\u0440\u0435\u043d\u043d\u044f \u0456\u043d\u0444\u043e\u0440\u043c\u0430\u0446\u0456\u0457 \u043f\u0440\u043e \u0423\u043a\u0440\u0430\u0457\u043d\u0443; \u0456\u0441\u0442\u043e\u0440\u0456\u044e, \u043a\u0443\u043b\u044c\u0442\u0443\u0440\u0443, \u043b\u0456\u0442\u0435\u0440\u0430\u0442\u0443\u0440\u0443 \u0423\u043a\u0440\u0430\u0457\u043d\u0438; &#8211; \u0414\u043e\u043f\u043e\u043c\u043e\u0433\u0430 \u0431\u0430\u0436\u0430\u044e\u0447\u0438\u043c \u0432\u0438\u0432\u0447\u0430\u0442\u0438 \u0443\u043a\u0440\u0430\u0457\u043d\u0441\u044c\u043a\u0443 \u043c\u043e\u0432\u0443; &#8211; \u041f\u043e\u0441\u0438\u043b\u044e\u0432\u0430\u043d\u043d\u044f \u0437\u0432&#8217;\u044f\u0437\u043a\u0443 \u043c\u0456\u0436 \u0433\u0440\u043e\u043c\u0430\u0434\u044f\u043d\u0430\u043c\u0438 \u0423\u043a\u0440\u0430\u0457\u043d\u0438, \u0432\u0438\u0445\u043e\u0432\u0430\u043d\u043d\u044f \u0434\u0456\u0442\u0435\u0439 \u0432 \u0434\u0443\u0441\u0456 \u043f\u0430\u0442\u0440\u0456\u043e\u0442\u0438\u0437\u043c\u0443.<\/p>\n","protected":false},"author":2,"featured_media":31100,"parent":3159,"menu_order":0,"comment_status":"closed","ping_status":"closed","template":"","meta":{"footnotes":""},"class_list":["post-31098","page","type-page","status-publish","has-post-thumbnail","hentry"],"_links":{"self":[{"href":"https:\/\/www.ukr-ayna.com\/uk\/wp-json\/wp\/v2\/pages\/31098","targetHints":{"allow":["GET"]}}],"collection":[{"href":"https:\/\/www.ukr-ayna.com\/uk\/wp-json\/wp\/v2\/pages"}],"about":[{"href":"https:\/\/www.ukr-ayna.com\/uk\/wp-json\/wp\/v2\/types\/page"}],"author":[{"embeddable":true,"href":"https:\/\/www.ukr-ayna.com\/uk\/wp-json\/wp\/v2\/users\/2"}],"replies":[{"embeddable":true,"href":"https:\/\/www.ukr-ayna.com\/uk\/wp-json\/wp\/v2\/comments?post=31098"}],"version-history":[{"count":2,"href":"https:\/\/www.ukr-ayna.com\/uk\/wp-json\/wp\/v2\/pages\/31098\/revisions"}],"predecessor-version":[{"id":31101,"href":"https:\/\/www.ukr-ayna.com\/uk\/wp-json\/wp\/v2\/pages\/31098\/revisions\/31101"}],"up":[{"embeddable":true,"href":"https:\/\/www.ukr-ayna.com\/uk\/wp-json\/wp\/v2\/pages\/3159"}],"wp:featuredmedia":[{"embeddable":true,"href":"https:\/\/www.ukr-ayna.com\/uk\/wp-json\/wp\/v2\/media\/31100"}],"wp:attachment":[{"href":"https:\/\/www.ukr-ayna.com\/uk\/wp-json\/wp\/v2\/media?parent=31098"}],"curies":[{"name":"wp","href":"https:\/\/api.w.org\/{rel}","templated":true}]}}