{"id":31073,"date":"2021-02-18T08:45:44","date_gmt":"2021-02-18T06:45:44","guid":{"rendered":"https:\/\/www.ukr-ayna.com\/?page_id=31073\/"},"modified":"2023-08-13T13:37:32","modified_gmt":"2023-08-13T11:37:32","slug":"ob-iednannya-ukrainciv-izmira","status":"publish","type":"page","link":"https:\/\/www.ukr-ayna.com\/uk\/diaspora\/kulturni-tovaristva\/ob-iednannya-ukrainciv-izmira\/","title":{"rendered":"\u041e\u0431&#8217;\u0454\u0434\u043d\u0430\u043d\u043d\u044f \u0443\u043a\u0440\u0430\u0457\u043d\u0446\u0456\u0432 \u0406\u0437\u043c\u0456\u0440\u0430"},"content":{"rendered":"<h4><strong>\u041d\u0430\u0437\u0432\u0430 \u043e\u0440\u0433\u0430\u043d\u0456\u0437\u0430\u0446\u0456\u0457:<\/strong> \u041e\u0431&#8217;\u0454\u0434\u043d\u0430\u043d\u043d\u044f \u0443\u043a\u0440\u0430\u0457\u043d\u0446\u0456\u0432 \u0406\u0437\u043c\u0456\u0440\u0430 (\u0130zmir Ukraynal\u0131lar Derne\u011fi)<\/h4>\n<p><strong>\u0414\u0430\u0442\u0430 \u0441\u0442\u0432\u043e\u0440\u0435\u043d\u043d\u044f:<\/strong> 06.09.2019.<\/p>\n<p><strong>\u0410\u0434\u0440\u0435\u0441\u0430<\/strong>: \u0130rfan Boyuer sok. No:9 D:1, Alsancak, \u0130zmir.<\/p>\n<p><strong>\u0413\u043e\u043b\u043e\u0432\u0430<\/strong>: <a href=\"https:\/\/www.facebook.com\/oksana.ozek\">\u041e\u043a\u0441\u0430\u043d\u0430 \u041e\u0437\u0435\u043a<\/a>.<\/p>\n<p><strong>\u0415\u043b\u0435\u043a\u0442\u0440\u043e\u043d\u043d\u0430 \u043f\u043e\u0448\u0442\u0430<\/strong>: izmirukraynalilar@gmail.com<\/p>\n<p><strong>\u0412\u0435\u0431-\u0441\u0442\u043e\u0440\u0456\u043d\u043a\u0430:<\/strong>\u00a0www.izmirukraynalilar.com<\/p>\n<a href=\"https:\/\/www.facebook.com\/ukrainians.in.izmir\" class=\"su-button su-button-style-default\" style=\"color:#FFFFFF;background-color:#2D89EF;border-color:#246ec0;border-radius:5px;-moz-border-radius:5px;-webkit-border-radius:5px\" target=\"_blank\" rel=\"noopener noreferrer\"><span style=\"color:#FFFFFF;padding:6px 16px;font-size:13px;line-height:20px;border-color:#6cadf4;border-radius:5px;-moz-border-radius:5px;-webkit-border-radius:5px;text-shadow:none;-moz-text-shadow:none;-webkit-text-shadow:none\"><img decoding=\"async\" src=\"https:\/\/www.ukr-ayna.com\/wp-content\/uploads\/2021\/02\/fb.png\" alt=\"Facebook\" style=\"width:20px;height:20px\" \/> Facebook<\/span><\/a>\n<a href=\"https:\/\/instagram.com\/ukrainians_in_izmir\" class=\"su-button su-button-style-default\" style=\"color:#FFFFFF;background-color:#2D89EF;border-color:#246ec0;border-radius:5px;-moz-border-radius:5px;-webkit-border-radius:5px\" target=\"_blank\" rel=\"noopener noreferrer\"><span style=\"color:#FFFFFF;padding:6px 16px;font-size:13px;line-height:20px;border-color:#6cadf4;border-radius:5px;-moz-border-radius:5px;-webkit-border-radius:5px;text-shadow:none;-moz-text-shadow:none;-webkit-text-shadow:none\"><img decoding=\"async\" src=\"https:\/\/www.ukr-ayna.com\/wp-content\/uploads\/2021\/02\/Instagram.png\" alt=\"Instagram\" style=\"width:20px;height:20px\" \/> Instagram<\/span><\/a>\n<p><strong>\u041c\u0435\u0442\u0430 \u0442\u0430 \u0437\u0430\u0432\u0434\u0430\u043d\u043d\u044f \u043e\u0440\u0433\u0430\u043d\u0456\u0437\u0430\u0446\u0456\u0457:<\/strong><\/p>\n<p>\u041e\u0431\u2019\u0454\u0434\u043d\u0430\u043d\u043d\u044f \u0441\u0442\u0432\u043e\u0440\u0435\u043d\u0435 \u0437 \u043c\u0435\u0442\u043e\u044e \u043e\u0431\u2019\u0454\u0434\u043d\u0430\u043d\u043d\u044f \u0442\u0430 \u0440\u043e\u0437\u0432\u0438\u0442\u043a\u0443 \u0433\u0440\u043e\u043c\u0430\u0434\u0438 \u0443\u043a\u0440\u0430\u0457\u043d\u0446\u0456\u0432 \u0406\u0437\u043c\u0456\u0440\u0430, \u0437\u0431\u0435\u0440\u0435\u0436\u0435\u043d\u043d\u044f \u0443\u043a\u0440\u0430\u0457\u043d\u0441\u044c\u043a\u043e\u0457 \u043c\u043e\u0432\u0438 \u0442\u0430 \u043a\u0443\u043b\u044c\u0442\u0443\u0440\u0438 \u0432 \u0443\u043a\u0440\u0430\u0457\u043d\u043e-\u0442\u0443\u0440\u0435\u0446\u044c\u043a\u0438\u0445 \u0441\u0456\u043c\u2019\u044f\u0445, \u0444\u043e\u0440\u043c\u0443\u0432\u0430\u043d\u043d\u044f \u043f\u043e\u0437\u0438\u0442\u0438\u0432\u043d\u043e\u0433\u043e \u0456\u043c\u0456\u0434\u0436\u0443 \u0423\u043a\u0440\u0430\u0457\u043d\u0438 \u0432 \u0422\u0443\u0440\u0435\u0447\u0447\u0438\u043d\u0456 \u0448\u043b\u044f\u0445\u043e\u043c \u043f\u0440\u043e\u0432\u0435\u0434\u0435\u043d\u043d\u044f \u0441\u043e\u0446\u0456\u0430\u043b\u044c\u043d\u043e-\u0456\u043d\u0444\u043e\u0440\u043c\u0430\u0446\u0456\u0439\u043d\u0438\u0445, \u043a\u0443\u043b\u044c\u0442\u0443\u0440\u043d\u043e-\u043e\u0441\u0432\u0456\u0442\u043d\u0456\u0445 \u0442\u0430 \u0431\u043b\u0430\u0433\u043e\u0434\u0456\u0439\u043d\u0438\u0445 \u0437\u0430\u0445\u043e\u0434\u0456\u0432.<\/p>\n","protected":false},"excerpt":{"rendered":"<p>\u041d\u0430\u0437\u0432\u0430 \u043e\u0440\u0433\u0430\u043d\u0456\u0437\u0430\u0446\u0456\u0457: \u041e\u0431&#8217;\u0454\u0434\u043d\u0430\u043d\u043d\u044f \u0443\u043a\u0440\u0430\u0457\u043d\u0446\u0456\u0432 \u0406\u0437\u043c\u0456\u0440\u0430 (\u0130zmir Ukraynal\u0131lar Derne\u011fi) \u0414\u0430\u0442\u0430 \u0441\u0442\u0432\u043e\u0440\u0435\u043d\u043d\u044f: 06.09.2019. \u0410\u0434\u0440\u0435\u0441\u0430: \u0130rfan Boyuer sok. No:9 D:1, Alsancak, \u0130zmir. \u0413\u043e\u043b\u043e\u0432\u0430: \u041e\u043a\u0441\u0430\u043d\u0430 \u041e\u0437\u0435\u043a. \u0415\u043b\u0435\u043a\u0442\u0440\u043e\u043d\u043d\u0430 \u043f\u043e\u0448\u0442\u0430: izmirukraynalilar@gmail.com \u0412\u0435\u0431-\u0441\u0442\u043e\u0440\u0456\u043d\u043a\u0430:\u00a0www.izmirukraynalilar.com \u041c\u0435\u0442\u0430 \u0442\u0430 \u0437\u0430\u0432\u0434\u0430\u043d\u043d\u044f \u043e\u0440\u0433\u0430\u043d\u0456\u0437\u0430\u0446\u0456\u0457: \u041e\u0431\u2019\u0454\u0434\u043d\u0430\u043d\u043d\u044f \u0441\u0442\u0432\u043e\u0440\u0435\u043d\u0435 \u0437 \u043c\u0435\u0442\u043e\u044e \u043e\u0431\u2019\u0454\u0434\u043d\u0430\u043d\u043d\u044f \u0442\u0430 \u0440\u043e\u0437\u0432\u0438\u0442\u043a\u0443 \u0433\u0440\u043e\u043c\u0430\u0434\u0438 \u0443\u043a\u0440\u0430\u0457\u043d\u0446\u0456\u0432 \u0406\u0437\u043c\u0456\u0440\u0430, \u0437\u0431\u0435\u0440\u0435\u0436\u0435\u043d\u043d\u044f \u0443\u043a\u0440\u0430\u0457\u043d\u0441\u044c\u043a\u043e\u0457 \u043c\u043e\u0432\u0438 \u0442\u0430 \u043a\u0443\u043b\u044c\u0442\u0443\u0440\u0438 \u0432 \u0443\u043a\u0440\u0430\u0457\u043d\u043e-\u0442\u0443\u0440\u0435\u0446\u044c\u043a\u0438\u0445 \u0441\u0456\u043c\u2019\u044f\u0445, \u0444\u043e\u0440\u043c\u0443\u0432\u0430\u043d\u043d\u044f \u043f\u043e\u0437\u0438\u0442\u0438\u0432\u043d\u043e\u0433\u043e \u0456\u043c\u0456\u0434\u0436\u0443 \u0423\u043a\u0440\u0430\u0457\u043d\u0438 \u0432 \u0422\u0443\u0440\u0435\u0447\u0447\u0438\u043d\u0456 \u0448\u043b\u044f\u0445\u043e\u043c \u043f\u0440\u043e\u0432\u0435\u0434\u0435\u043d\u043d\u044f \u0441\u043e\u0446\u0456\u0430\u043b\u044c\u043d\u043e-\u0456\u043d\u0444\u043e\u0440\u043c\u0430\u0446\u0456\u0439\u043d\u0438\u0445, \u043a\u0443\u043b\u044c\u0442\u0443\u0440\u043d\u043e-\u043e\u0441\u0432\u0456\u0442\u043d\u0456\u0445 \u0442\u0430 \u0431\u043b\u0430\u0433\u043e\u0434\u0456\u0439\u043d\u0438\u0445 \u0437\u0430\u0445\u043e\u0434\u0456\u0432.<\/p>\n","protected":false},"author":2,"featured_media":31070,"parent":3159,"menu_order":0,"comment_status":"closed","ping_status":"closed","template":"","meta":{"footnotes":""},"class_list":["post-31073","page","type-page","status-publish","has-post-thumbnail","hentry"],"_links":{"self":[{"href":"https:\/\/www.ukr-ayna.com\/uk\/wp-json\/wp\/v2\/pages\/31073","targetHints":{"allow":["GET"]}}],"collection":[{"href":"https:\/\/www.ukr-ayna.com\/uk\/wp-json\/wp\/v2\/pages"}],"about":[{"href":"https:\/\/www.ukr-ayna.com\/uk\/wp-json\/wp\/v2\/types\/page"}],"author":[{"embeddable":true,"href":"https:\/\/www.ukr-ayna.com\/uk\/wp-json\/wp\/v2\/users\/2"}],"replies":[{"embeddable":true,"href":"https:\/\/www.ukr-ayna.com\/uk\/wp-json\/wp\/v2\/comments?post=31073"}],"version-history":[{"count":7,"href":"https:\/\/www.ukr-ayna.com\/uk\/wp-json\/wp\/v2\/pages\/31073\/revisions"}],"predecessor-version":[{"id":32096,"href":"https:\/\/www.ukr-ayna.com\/uk\/wp-json\/wp\/v2\/pages\/31073\/revisions\/32096"}],"up":[{"embeddable":true,"href":"https:\/\/www.ukr-ayna.com\/uk\/wp-json\/wp\/v2\/pages\/3159"}],"wp:featuredmedia":[{"embeddable":true,"href":"https:\/\/www.ukr-ayna.com\/uk\/wp-json\/wp\/v2\/media\/31070"}],"wp:attachment":[{"href":"https:\/\/www.ukr-ayna.com\/uk\/wp-json\/wp\/v2\/media?parent=31073"}],"curies":[{"name":"wp","href":"https:\/\/api.w.org\/{rel}","templated":true}]}}