{"id":31021,"date":"2021-02-17T14:10:01","date_gmt":"2021-02-17T12:10:01","guid":{"rendered":"https:\/\/www.ukr-ayna.com\/?page_id=31021\/"},"modified":"2021-02-17T17:35:47","modified_gmt":"2021-02-17T15:35:47","slug":"ukraina-alaniya","status":"publish","type":"page","link":"https:\/\/www.ukr-ayna.com\/uk\/diaspora\/kulturni-tovaristva\/ukraina-alaniya\/","title":{"rendered":"\u0410\u0441\u043e\u0446\u0456\u0430\u0446\u0456\u044f \u0441\u043e\u043b\u0456\u0434\u0430\u0440\u043d\u043e\u0441\u0442\u0456 &#8220;\u0423\u043a\u0440\u0430\u0457\u043d\u0430-\u0410\u043b\u0430\u043d\u0456\u044f&#8221;"},"content":{"rendered":"<h4><strong>\u041d\u0430\u0437\u0432\u0430 \u043e\u0440\u0433\u0430\u043d\u0456\u0437\u0430\u0446\u0456\u0457:<\/strong> \u0410\u0441\u043e\u0446\u0456\u0430\u0446\u0456\u044f \u0441\u043e\u043b\u0456\u0434\u0430\u0440\u043d\u043e\u0441\u0442\u0456 &#8220;\u0423\u043a\u0440\u0430\u0457\u043d\u0430-\u0410\u043b\u0430\u043d\u0456\u044f&#8221; (Ukrayna Alanya Dayan\u0131\u015fma Derne\u011fi)<\/h4>\n<p><strong>\u0414\u0430\u0442\u0430 \u0441\u0442\u0432\u043e\u0440\u0435\u043d\u043d\u044f:<\/strong> 01.02.2018.<\/p>\n<p><strong>\u0410\u0434\u0440\u0435\u0441\u0430<\/strong>: Kad\u0131pa\u015fa, C\u00fcceler Sk. No:6, 07400 Alanya\/Antalya<\/p>\n<p><strong>\u0413\u043e\u043b\u043e\u0432\u0430<\/strong>: \u041e\u043a\u0430\u043d \u0411\u0430\u0457\u0440, \u0404\u0432\u0433\u0435\u043d\u0456\u044f \u0406\u043d\u0430\u043d<\/p>\n<p><strong>\u0415\u043b\u0435\u043a\u0442\u0440\u043e\u043d\u043d\u0430 \u043f\u043e\u0448\u0442\u0430<\/strong>:\u00a0ukr_alanya@hotmail.com<\/p>\n<p><strong>\u0422\u0435\u043b\u0435\u0444\u043e\u043d<\/strong>: +905070981850.<\/p>\n<p><strong>\u0412\u0435\u0431\u0441\u0430\u0439\u0442<\/strong>:\u00a0<a href=\"https:\/\/www.ukralanya.org\/\">www.ukralanya.org<\/a><\/p>\n<a href=\"https:\/\/www.facebook.com\/ukralanya\/\" class=\"su-button su-button-style-default\" style=\"color:#FFFFFF;background-color:#2D89EF;border-color:#246ec0;border-radius:5px;-moz-border-radius:5px;-webkit-border-radius:5px\" target=\"_blank\" rel=\"noopener noreferrer\"><span style=\"color:#FFFFFF;padding:6px 16px;font-size:13px;line-height:20px;border-color:#6cadf4;border-radius:5px;-moz-border-radius:5px;-webkit-border-radius:5px;text-shadow:none;-moz-text-shadow:none;-webkit-text-shadow:none\"><img decoding=\"async\" src=\"https:\/\/www.ukr-ayna.com\/wp-content\/uploads\/2021\/02\/fb.png\" alt=\"Ukraine Alanya\" style=\"width:20px;height:20px\" \/> Ukraine Alanya<\/span><\/a>\n<div dir=\"auto\">\u041b\u0430\u0441\u043a\u0430\u0432\u043e \u043f\u0440\u043e\u0441\u0438\u043c\u043e \u043d\u0430 \u043d\u0430\u0448\u0443 \u0441\u0442\u043e\u0440\u0456\u043d\u043a\u0443 &#8220;Ukrayna Alanya Dayan\u0131\u015fma Derne\u011fi&#8221;, \u0434\u0435 \u0432\u0438 \u0434\u0456\u0437\u043d\u0430\u0454\u0442\u0435\u0441\u044c \u043f\u0440\u043e \u0456\u0441\u0442\u043e\u0440\u0456\u0457 \u0443\u043a\u0440\u0430\u0457\u043d\u0446\u0456\u0432, \u044f\u043a\u0456 \u0444\u043e\u0440\u043c\u0443\u044e\u0442\u044c \u0423\u043a\u0440\u0430\u0457\u043d\u0443 \u0437\u0430 \u0457\u0457 \u043c\u0435\u0436\u0430\u043c\u0438. \u0426\u0456\u043a\u0430\u0432\u0456 \u0444\u0430\u043a\u0442\u0438 \u0442\u0430 \u0434\u043e\u0431\u0440\u0456 \u043d\u043e\u0432\u0438\u043d\u0438 \u0437\u0430\u0432\u0436\u0434\u0438 \u0442\u0440\u0438\u043c\u0430\u0442\u0438\u043c\u0443\u0442\u044c \u0432\u0430\u0441 \u0443 \u043a\u0443\u0440\u0441\u0456 \u043f\u043e\u0434\u0456\u0439.<\/div>\n<div dir=\"auto\">\u041c\u0438 \u043d\u0435 \u043f\u0440\u043e \u043f\u043e\u043b\u0456\u0442\u0438\u043a\u0443, \u043c\u0438 \u0437\u0430 \u0431\u043b\u0430\u0433\u043e\u0434\u0456\u0439\u043d\u0456\u0441\u0442\u044c, \u0449\u0456\u0440\u0456\u0441\u0442\u044c \u0442\u0430 \u0434\u043e\u0431\u0440\u0456 \u0441\u043f\u0440\u0430\u0432\u0438. \u0411\u0443\u0434\u044c\u0442\u0435 \u0437 \u043d\u0430\u043c\u0438 \u0442\u0430 \u0434\u0456\u0437\u043d\u0430\u0432\u0430\u0439\u0442\u0435\u0441\u044f \u043f\u0435\u0440\u0448\u0438\u043c\u0438 \u043f\u0440\u043e \u043d\u0430\u0439\u0446\u0456\u043a\u0430\u0432\u0456\u0448\u0435 \u0437 \u0436\u0438\u0442\u0442\u044f \u0443\u043a\u0440\u0430\u0457\u043d\u0446\u0456\u0432 \u0443 \u0422\u0443\u0440\u0435\u0447\u0447\u0438\u043d\u0456.<\/div>\n<div dir=\"auto\">\u041f\u0456\u0434\u0442\u0440\u0438\u043c\u0443\u0439 \u0423\u043a\u0440\u0430\u0457\u043d\u0443!<\/div>\n<div dir=\"auto\">\u0417 \u0423\u043a\u0440\u0430\u0457\u043d\u043e\u044e \u0432 \u0441\u0435\u0440\u0446\u0456!<\/div>\n<p>&nbsp;<\/p>\n","protected":false},"excerpt":{"rendered":"<p>\u041d\u0430\u0437\u0432\u0430 \u043e\u0440\u0433\u0430\u043d\u0456\u0437\u0430\u0446\u0456\u0457: \u0410\u0441\u043e\u0446\u0456\u0430\u0446\u0456\u044f \u0441\u043e\u043b\u0456\u0434\u0430\u0440\u043d\u043e\u0441\u0442\u0456 &#8220;\u0423\u043a\u0440\u0430\u0457\u043d\u0430-\u0410\u043b\u0430\u043d\u0456\u044f&#8221; (Ukrayna Alanya Dayan\u0131\u015fma Derne\u011fi) \u0414\u0430\u0442\u0430 \u0441\u0442\u0432\u043e\u0440\u0435\u043d\u043d\u044f: 01.02.2018. \u0410\u0434\u0440\u0435\u0441\u0430: Kad\u0131pa\u015fa, C\u00fcceler Sk. No:6, 07400 Alanya\/Antalya \u0413\u043e\u043b\u043e\u0432\u0430: \u041e\u043a\u0430\u043d \u0411\u0430\u0457\u0440, \u0404\u0432\u0433\u0435\u043d\u0456\u044f \u0406\u043d\u0430\u043d \u0415\u043b\u0435\u043a\u0442\u0440\u043e\u043d\u043d\u0430 \u043f\u043e\u0448\u0442\u0430:\u00a0ukr_alanya@hotmail.com \u0422\u0435\u043b\u0435\u0444\u043e\u043d: +905070981850. \u0412\u0435\u0431\u0441\u0430\u0439\u0442:\u00a0www.ukralanya.org \u041b\u0430\u0441\u043a\u0430\u0432\u043e \u043f\u0440\u043e\u0441\u0438\u043c\u043e \u043d\u0430 \u043d\u0430\u0448\u0443 \u0441\u0442\u043e\u0440\u0456\u043d\u043a\u0443 &#8220;Ukrayna Alanya Dayan\u0131\u015fma Derne\u011fi&#8221;, \u0434\u0435 \u0432\u0438 \u0434\u0456\u0437\u043d\u0430\u0454\u0442\u0435\u0441\u044c \u043f\u0440\u043e \u0456\u0441\u0442\u043e\u0440\u0456\u0457 \u0443\u043a\u0440\u0430\u0457\u043d\u0446\u0456\u0432, \u044f\u043a\u0456 \u0444\u043e\u0440\u043c\u0443\u044e\u0442\u044c \u0423\u043a\u0440\u0430\u0457\u043d\u0443 \u0437\u0430 \u0457\u0457 \u043c\u0435\u0436\u0430\u043c\u0438. \u0426\u0456\u043a\u0430\u0432\u0456 \u0444\u0430\u043a\u0442\u0438 \u0442\u0430 \u0434\u043e\u0431\u0440\u0456 \u043d\u043e\u0432\u0438\u043d\u0438 \u0437\u0430\u0432\u0436\u0434\u0438 \u0442\u0440\u0438\u043c\u0430\u0442\u0438\u043c\u0443\u0442\u044c \u0432\u0430\u0441 \u0443 \u043a\u0443\u0440\u0441\u0456 \u043f\u043e\u0434\u0456\u0439. \u041c\u0438 \u043d\u0435 \u043f\u0440\u043e \u043f\u043e\u043b\u0456\u0442\u0438\u043a\u0443, \u043c\u0438 \u0437\u0430 \u0431\u043b\u0430\u0433\u043e\u0434\u0456\u0439\u043d\u0456\u0441\u0442\u044c, \u0449\u0456\u0440\u0456\u0441\u0442\u044c \u0442\u0430 \u0434\u043e\u0431\u0440\u0456 \u0441\u043f\u0440\u0430\u0432\u0438. \u0411\u0443\u0434\u044c\u0442\u0435 \u0437 \u043d\u0430\u043c\u0438 \u0442\u0430 \u0434\u0456\u0437\u043d\u0430\u0432\u0430\u0439\u0442\u0435\u0441\u044f \u043f\u0435\u0440\u0448\u0438\u043c\u0438 \u043f\u0440\u043e \u043d\u0430\u0439\u0446\u0456\u043a\u0430\u0432\u0456\u0448\u0435 \u0437 \u0436\u0438\u0442\u0442\u044f \u0443\u043a\u0440\u0430\u0457\u043d\u0446\u0456\u0432 \u0443 \u0422\u0443\u0440\u0435\u0447\u0447\u0438\u043d\u0456. \u041f\u0456\u0434\u0442\u0440\u0438\u043c\u0443\u0439 \u0423\u043a\u0440\u0430\u0457\u043d\u0443! \u0417 \u0423\u043a\u0440\u0430\u0457\u043d\u043e\u044e \u0432 \u0441\u0435\u0440\u0446\u0456! &nbsp;<\/p>\n","protected":false},"author":2,"featured_media":31020,"parent":3159,"menu_order":0,"comment_status":"closed","ping_status":"closed","template":"","meta":{"footnotes":""},"class_list":["post-31021","page","type-page","status-publish","has-post-thumbnail","hentry"],"_links":{"self":[{"href":"https:\/\/www.ukr-ayna.com\/uk\/wp-json\/wp\/v2\/pages\/31021","targetHints":{"allow":["GET"]}}],"collection":[{"href":"https:\/\/www.ukr-ayna.com\/uk\/wp-json\/wp\/v2\/pages"}],"about":[{"href":"https:\/\/www.ukr-ayna.com\/uk\/wp-json\/wp\/v2\/types\/page"}],"author":[{"embeddable":true,"href":"https:\/\/www.ukr-ayna.com\/uk\/wp-json\/wp\/v2\/users\/2"}],"replies":[{"embeddable":true,"href":"https:\/\/www.ukr-ayna.com\/uk\/wp-json\/wp\/v2\/comments?post=31021"}],"version-history":[{"count":5,"href":"https:\/\/www.ukr-ayna.com\/uk\/wp-json\/wp\/v2\/pages\/31021\/revisions"}],"predecessor-version":[{"id":31032,"href":"https:\/\/www.ukr-ayna.com\/uk\/wp-json\/wp\/v2\/pages\/31021\/revisions\/31032"}],"up":[{"embeddable":true,"href":"https:\/\/www.ukr-ayna.com\/uk\/wp-json\/wp\/v2\/pages\/3159"}],"wp:featuredmedia":[{"embeddable":true,"href":"https:\/\/www.ukr-ayna.com\/uk\/wp-json\/wp\/v2\/media\/31020"}],"wp:attachment":[{"href":"https:\/\/www.ukr-ayna.com\/uk\/wp-json\/wp\/v2\/media?parent=31021"}],"curies":[{"name":"wp","href":"https:\/\/api.w.org\/{rel}","templated":true}]}}