{"id":31001,"date":"2021-02-17T12:51:42","date_gmt":"2021-02-17T10:51:42","guid":{"rendered":"https:\/\/www.ukr-ayna.com\/?page_id=31001\/"},"modified":"2022-04-16T11:38:39","modified_gmt":"2022-04-16T09:38:39","slug":"konya","status":"publish","type":"page","link":"https:\/\/www.ukr-ayna.com\/uk\/diaspora\/kulturni-tovaristva\/konya\/","title":{"rendered":"\u0423\u043a\u0440\u0430\u0457\u043d\u0441\u044c\u043a\u0430 \u0430\u0441\u043e\u0446\u0456\u0430\u0446\u0456\u044f \u043a\u0443\u043b\u044c\u0442\u0443\u0440\u0438 \u0432\u0437\u0430\u0454\u043c\u043e\u0434\u043e\u043f\u043e\u043c\u043e\u0433\u0438 \u0442\u0430 \u0441\u043e\u043b\u0456\u0434\u0430\u0440\u043d\u043e\u0441\u0442\u0456 \u0443 \u041a\u043e\u043d\u0456\u0457"},"content":{"rendered":"<h4><strong>\u041d\u0430\u0437\u0432\u0430 \u043e\u0440\u0433\u0430\u043d\u0456\u0437\u0430\u0446\u0456\u0457:<\/strong> <strong>\u0423\u043a\u0440\u0430\u0457\u043d\u0441\u044c\u043a\u0430 \u0430\u0441\u043e\u0446\u0456\u0430\u0446\u0456\u044f \u043a\u0443\u043b\u044c\u0442\u0443\u0440\u0438 \u0432\u0437\u0430\u0454\u043c\u043e\u0434\u043e\u043f\u043e\u043c\u043e\u0433\u0438 \u0442\u0430 \u0441\u043e\u043b\u0456\u0434\u0430\u0440\u043d\u043e\u0441\u0442\u0456 \u0443 \u041a\u043e\u043d\u0456\u0457 (Konya Ukraynal\u0131lar K\u00fclt\u00fcr Yard\u0131mla\u015fma ve Dayan\u0131\u015fma Derne\u011fi)<\/strong><\/h4>\n<p><strong>\u0414\u0430\u0442\u0430 \u0441\u0442\u0432\u043e\u0440\u0435\u043d\u043d\u044f:<\/strong> 28.09.2021.<\/p>\n<p><strong>\u0410\u0434\u0440\u0435\u0441\u0430<\/strong>: &#8211;<\/p>\n<p><strong>\u0413\u043e\u043b\u043e\u0432\u0430<\/strong>:\u00a0<a href=\"https:\/\/www.facebook.com\/alina.parasey\">\u0410\u043b\u0456\u043d\u0430 \u041f\u0430\u0440\u0430\u0441\u0454\u0439-\u0413\u043e\u0447\u0435\u0440<br \/>\n<\/a><strong>\u0417\u0430\u0441\u0442\u0443\u043f\u043d\u0438\u043a \u0433\u043e\u043b\u043e\u0432\u0438:<\/strong>\u00a0\u042e\u043b\u0456\u044f \u0427\u0430\u043f\u0430\u0440<\/p>\n<p><strong>\u0415\u043b\u0435\u043a\u0442\u0440\u043e\u043d\u043d\u0430 \u043f\u043e\u0448\u0442\u0430<\/strong>: <a href=\"mailto:ukrkonya@gmail.com\">ukrkonya@gmail.com<\/a><\/p>\n<p><strong>\u0422\u0435\u043b\u0435\u0444\u043e\u043d<\/strong>: +905414141742; +905366932666<\/p>\n<a href=\"https:\/\/www.facebook.com\/ukrkonya\" class=\"su-button su-button-style-default\" style=\"color:#FFFFFF;background-color:#2D89EF;border-color:#246ec0;border-radius:5px;-moz-border-radius:5px;-webkit-border-radius:5px\" target=\"_blank\" rel=\"noopener noreferrer\"><span style=\"color:#FFFFFF;padding:6px 16px;font-size:13px;line-height:20px;border-color:#6cadf4;border-radius:5px;-moz-border-radius:5px;-webkit-border-radius:5px;text-shadow:none;-moz-text-shadow:none;-webkit-text-shadow:none\"><img decoding=\"async\" src=\"https:\/\/www.ukr-ayna.com\/wp-content\/uploads\/2021\/02\/fb.png\" alt=\"\u0423\u043a\u0440\u0430\u0457\u043d\u0441\u044c\u043a\u0430 \u0430\u0441\u043e\u0446\u0456\u0430\u0446\u0456\u044f \u0432 \u041a\u043e\u043d\u0456\u0457\" style=\"width:20px;height:20px\" \/> \u0423\u043a\u0440\u0430\u0457\u043d\u0441\u044c\u043a\u0430 \u0430\u0441\u043e\u0446\u0456\u0430\u0446\u0456\u044f \u0432 \u041a\u043e\u043d\u0456\u0457<\/span><\/a>\n<a href=\"https:\/\/www.instagram.com\/ukrkonya\/\" class=\"su-button su-button-style-default\" style=\"color:#FFFFFF;background-color:#2D89EF;border-color:#246ec0;border-radius:5px;-moz-border-radius:5px;-webkit-border-radius:5px\" target=\"_blank\" rel=\"noopener noreferrer\"><span style=\"color:#FFFFFF;padding:6px 16px;font-size:13px;line-height:20px;border-color:#6cadf4;border-radius:5px;-moz-border-radius:5px;-webkit-border-radius:5px;text-shadow:none;-moz-text-shadow:none;-webkit-text-shadow:none\"><img decoding=\"async\" src=\"https:\/\/www.ukr-ayna.com\/wp-content\/uploads\/2021\/02\/Instagram.png\" alt=\"\u0423\u043a\u0440\u0430\u0457\u043d\u0446\u0456 \u0443 \u041a\u043e\u043d\u0456\u0457\u00a0\" style=\"width:20px;height:20px\" \/> \u0423\u043a\u0440\u0430\u0457\u043d\u0446\u0456 \u0443 \u041a\u043e\u043d\u0456\u0457\u00a0<\/span><\/a>\n<p>&nbsp;<\/p>\n<p><strong>\u041c\u0435\u0442\u0430 \u0442\u0430 \u0437\u0430\u0432\u0434\u0430\u043d\u043d\u044f \u043e\u0440\u0433\u0430\u043d\u0456\u0437\u0430\u0446\u0456\u0457:\u00a0<\/strong>\u0423\u043a\u0440\u0430\u0457\u043d\u0441\u044c\u043a\u0430 \u0410\u0441\u043e\u0446\u0456\u0430\u0446\u0456\u044f \u043a\u0443\u043b\u044c\u0442\u0443\u0440\u0438 \u0432\u0437\u0430\u0454\u043c\u043e\u0434\u043e\u043f\u043e\u043c\u043e\u0433\u0438 \u0442\u0430 \u0441\u043e\u043b\u0456\u0434\u0430\u0440\u043d\u043e\u0441\u0442\u0456 \u0443 \u041a\u043e\u043d\u0456\u0457 \u0441\u0442\u0432\u043e\u0440\u0435\u043d\u043e \u0437 \u043c\u0435\u0442\u043e\u044e \u043e\u0440\u0433\u0430\u043d\u0456\u0437\u0430\u0446\u0456\u0457 \u0442\u0430 \u0440\u043e\u0437\u0432\u0438\u0442\u043a\u0443 \u0441\u043e\u0446\u0456\u0430\u043b\u044c\u043d\u043e-\u043a\u0443\u043b\u044c\u0442\u0443\u0440\u043d\u0438\u0445, \u043d\u0430\u0432\u0447\u0430\u043b\u044c\u043d\u043e-\u043e\u0441\u0432\u0456\u0442\u043d\u0456\u0445 \u0442\u0430 \u0431\u043b\u0430\u0433\u043e\u0434\u0456\u0439\u043d\u0438\u0445 \u0437\u0430\u0445\u043e\u0434\u0456\u0432, \u0430 \u0441\u0430\u043c\u0435: \u0437\u0431\u0435\u0440\u0435\u0436\u0435\u043d\u043d\u044f \u0443\u043a\u0440\u0430\u0457\u043d\u0441\u044c\u043a\u043e\u0457 \u043c\u043e\u0432\u0438 \u0442\u0430 \u043a\u0443\u043b\u044c\u0442\u0443\u0440\u0438 \u0432 \u0443\u043a\u0440\u0430\u0457\u043d\u043e-\u0442\u0443\u0440\u0435\u0446\u044c\u043a\u0438\u0445 \u0441\u0456\u043c\u2019\u044f\u0445; \u0437\u0430\u0431\u0435\u0437\u043f\u0435\u0447\u0435\u043d\u043d\u044f \u043a\u0443\u043b\u044c\u0442\u0443\u0440\u043d\u043e\u0457, \u0456\u0441\u0442\u043e\u0440\u0438\u0447\u043d\u043e\u0457, \u043c\u043e\u0432\u043d\u043e\u0457 \u0442\u0430 \u0435\u043a\u043e\u043d\u043e\u043c\u0456\u0447\u043d\u043e\u0457 \u0454\u0434\u043d\u043e\u0441\u0442\u0456 \u043c\u0456\u0436 \u0433\u0440\u043e\u043c\u0430\u0434\u044f\u043d\u0430\u043c\u0438 \u0423\u043a\u0440\u0430\u0457\u043d\u0438 \u0442\u0430 \u0420\u0435\u0441\u043f\u0443\u0431\u043b\u0456\u043a\u0438 \u0422\u0443\u0440\u0435\u0447\u0447\u0438\u043d\u0430; \u043e\u0440\u0433\u0430\u043d\u0456\u0437\u0430\u0446\u0456\u044f \u0433\u0440\u043e\u043c\u0430\u0434\u0441\u044c\u043a\u0438\u0445, \u0441\u043f\u043e\u0440\u0442\u0438\u0432\u043d\u0438\u0445 \u0442\u0430 \u043a\u0443\u043b\u044c\u0442\u0443\u0440\u043d\u0438\u0445 \u0437\u0430\u0445\u043e\u0434\u0456\u0432, \u044f\u043a\u0456 \u0434\u0430\u0434\u0443\u0442\u044c \u0437\u043c\u043e\u0433\u0443 \u0437\u0443\u0441\u0442\u0440\u0456\u0447\u0430\u0442\u0438\u0441\u044f \u0442\u0430 \u0441\u043f\u0456\u043b\u043a\u0443\u0432\u0430\u0442\u0438\u0441\u044f, \u0437\u043c\u0456\u0446\u043d\u044e\u0432\u0430\u0442\u0438 \u0434\u0440\u0443\u0436\u0431\u0443 \u0442\u0430 \u0431\u043b\u0438\u0437\u044c\u043a\u0456\u0441\u0442\u044c \u043c\u0456\u0436 \u0442\u0443\u0440\u0435\u0446\u044c\u043a\u0438\u043c \u0442\u0430 \u0443\u043a\u0440\u0430\u0457\u043d\u0441\u044c\u043a\u0438\u043c \u043d\u0430\u0440\u043e\u0434\u0430\u043c\u0438; \u0437\u0431\u0456\u043b\u044c\u0448\u0435\u043d\u043d\u044f \u0432\u0441\u0456\u0445 \u0432\u0438\u0434\u0456\u0432 \u0441\u043f\u0456\u0432\u0440\u043e\u0431\u0456\u0442\u043d\u0438\u0446\u0442\u0432\u0430 \u043c\u0456\u0436 \u0442\u0430 \u0423\u043a\u0440\u0430\u0457\u043d\u043e\u044e \u0442\u0430 \u0422\u0443\u0440\u0435\u0446\u044c\u043a\u043e\u044e \u0420\u0435\u0441\u043f\u0443\u0431\u043b\u0456\u043a\u043e\u044e; \u0444\u043e\u0440\u043c\u0443\u0432\u0430\u043d\u043d\u044f \u043f\u043e\u0437\u0438\u0442\u0438\u0432\u043d\u043e\u0433\u043e \u0456\u043c\u0456\u0434\u0436\u0443 \u0423\u043a\u0440\u0430\u0457\u043d\u0438 \u0432 \u0422\u0443\u0440\u0435\u0447\u0447\u0438\u043d\u0456.<\/p>\n","protected":false},"excerpt":{"rendered":"<p>\u041d\u0430\u0437\u0432\u0430 \u043e\u0440\u0433\u0430\u043d\u0456\u0437\u0430\u0446\u0456\u0457: \u0423\u043a\u0440\u0430\u0457\u043d\u0441\u044c\u043a\u0430 \u0430\u0441\u043e\u0446\u0456\u0430\u0446\u0456\u044f \u043a\u0443\u043b\u044c\u0442\u0443\u0440\u0438 \u0432\u0437\u0430\u0454\u043c\u043e\u0434\u043e\u043f\u043e\u043c\u043e\u0433\u0438 \u0442\u0430 \u0441\u043e\u043b\u0456\u0434\u0430\u0440\u043d\u043e\u0441\u0442\u0456 \u0443 \u041a\u043e\u043d\u0456\u0457 (Konya Ukraynal\u0131lar K\u00fclt\u00fcr Yard\u0131mla\u015fma ve Dayan\u0131\u015fma Derne\u011fi) \u0414\u0430\u0442\u0430 \u0441\u0442\u0432\u043e\u0440\u0435\u043d\u043d\u044f: 28.09.2021. \u0410\u0434\u0440\u0435\u0441\u0430: &#8211; \u0413\u043e\u043b\u043e\u0432\u0430:\u00a0\u0410\u043b\u0456\u043d\u0430 \u041f\u0430\u0440\u0430\u0441\u0454\u0439-\u0413\u043e\u0447\u0435\u0440 \u0417\u0430\u0441\u0442\u0443\u043f\u043d\u0438\u043a \u0433\u043e\u043b\u043e\u0432\u0438:\u00a0\u042e\u043b\u0456\u044f \u0427\u0430\u043f\u0430\u0440 \u0415\u043b\u0435\u043a\u0442\u0440\u043e\u043d\u043d\u0430 \u043f\u043e\u0448\u0442\u0430: ukrkonya@gmail.com \u0422\u0435\u043b\u0435\u0444\u043e\u043d: +905414141742; +905366932666 &nbsp; \u041c\u0435\u0442\u0430 \u0442\u0430 \u0437\u0430\u0432\u0434\u0430\u043d\u043d\u044f \u043e\u0440\u0433\u0430\u043d\u0456\u0437\u0430\u0446\u0456\u0457:\u00a0\u0423\u043a\u0440\u0430\u0457\u043d\u0441\u044c\u043a\u0430 \u0410\u0441\u043e\u0446\u0456\u0430\u0446\u0456\u044f \u043a\u0443\u043b\u044c\u0442\u0443\u0440\u0438 \u0432\u0437\u0430\u0454\u043c\u043e\u0434\u043e\u043f\u043e\u043c\u043e\u0433\u0438 \u0442\u0430 \u0441\u043e\u043b\u0456\u0434\u0430\u0440\u043d\u043e\u0441\u0442\u0456 \u0443 \u041a\u043e\u043d\u0456\u0457 \u0441\u0442\u0432\u043e\u0440\u0435\u043d\u043e \u0437 \u043c\u0435\u0442\u043e\u044e \u043e\u0440\u0433\u0430\u043d\u0456\u0437\u0430\u0446\u0456\u0457 \u0442\u0430 \u0440\u043e\u0437\u0432\u0438\u0442\u043a\u0443 \u0441\u043e\u0446\u0456\u0430\u043b\u044c\u043d\u043e-\u043a\u0443\u043b\u044c\u0442\u0443\u0440\u043d\u0438\u0445, \u043d\u0430\u0432\u0447\u0430\u043b\u044c\u043d\u043e-\u043e\u0441\u0432\u0456\u0442\u043d\u0456\u0445 \u0442\u0430 \u0431\u043b\u0430\u0433\u043e\u0434\u0456\u0439\u043d\u0438\u0445 \u0437\u0430\u0445\u043e\u0434\u0456\u0432, \u0430 \u0441\u0430\u043c\u0435: \u0437\u0431\u0435\u0440\u0435\u0436\u0435\u043d\u043d\u044f \u0443\u043a\u0440\u0430\u0457\u043d\u0441\u044c\u043a\u043e\u0457 \u043c\u043e\u0432\u0438 \u0442\u0430 \u043a\u0443\u043b\u044c\u0442\u0443\u0440\u0438 \u0432 \u0443\u043a\u0440\u0430\u0457\u043d\u043e-\u0442\u0443\u0440\u0435\u0446\u044c\u043a\u0438\u0445 \u0441\u0456\u043c\u2019\u044f\u0445; \u0437\u0430\u0431\u0435\u0437\u043f\u0435\u0447\u0435\u043d\u043d\u044f \u043a\u0443\u043b\u044c\u0442\u0443\u0440\u043d\u043e\u0457, \u0456\u0441\u0442\u043e\u0440\u0438\u0447\u043d\u043e\u0457, \u043c\u043e\u0432\u043d\u043e\u0457 \u0442\u0430 \u0435\u043a\u043e\u043d\u043e\u043c\u0456\u0447\u043d\u043e\u0457 \u0454\u0434\u043d\u043e\u0441\u0442\u0456 \u043c\u0456\u0436 \u0433\u0440\u043e\u043c\u0430\u0434\u044f\u043d\u0430\u043c\u0438 \u0423\u043a\u0440\u0430\u0457\u043d\u0438 \u0442\u0430 \u0420\u0435\u0441\u043f\u0443\u0431\u043b\u0456\u043a\u0438 \u0422\u0443\u0440\u0435\u0447\u0447\u0438\u043d\u0430; \u043e\u0440\u0433\u0430\u043d\u0456\u0437\u0430\u0446\u0456\u044f \u0433\u0440\u043e\u043c\u0430\u0434\u0441\u044c\u043a\u0438\u0445, \u0441\u043f\u043e\u0440\u0442\u0438\u0432\u043d\u0438\u0445 \u0442\u0430 \u043a\u0443\u043b\u044c\u0442\u0443\u0440\u043d\u0438\u0445 \u0437\u0430\u0445\u043e\u0434\u0456\u0432, \u044f\u043a\u0456 \u0434\u0430\u0434\u0443\u0442\u044c \u0437\u043c\u043e\u0433\u0443 \u0437\u0443\u0441\u0442\u0440\u0456\u0447\u0430\u0442\u0438\u0441\u044f \u0442\u0430 \u0441\u043f\u0456\u043b\u043a\u0443\u0432\u0430\u0442\u0438\u0441\u044f, \u0437\u043c\u0456\u0446\u043d\u044e\u0432\u0430\u0442\u0438 \u0434\u0440\u0443\u0436\u0431\u0443 \u0442\u0430 \u0431\u043b\u0438\u0437\u044c\u043a\u0456\u0441\u0442\u044c \u043c\u0456\u0436 \u0442\u0443\u0440\u0435\u0446\u044c\u043a\u0438\u043c \u0442\u0430 \u0443\u043a\u0440\u0430\u0457\u043d\u0441\u044c\u043a\u0438\u043c \u043d\u0430\u0440\u043e\u0434\u0430\u043c\u0438; [&hellip;]<\/p>\n","protected":false},"author":2,"featured_media":31865,"parent":3159,"menu_order":0,"comment_status":"closed","ping_status":"closed","template":"","meta":{"footnotes":""},"class_list":["post-31001","page","type-page","status-publish","has-post-thumbnail","hentry"],"_links":{"self":[{"href":"https:\/\/www.ukr-ayna.com\/uk\/wp-json\/wp\/v2\/pages\/31001","targetHints":{"allow":["GET"]}}],"collection":[{"href":"https:\/\/www.ukr-ayna.com\/uk\/wp-json\/wp\/v2\/pages"}],"about":[{"href":"https:\/\/www.ukr-ayna.com\/uk\/wp-json\/wp\/v2\/types\/page"}],"author":[{"embeddable":true,"href":"https:\/\/www.ukr-ayna.com\/uk\/wp-json\/wp\/v2\/users\/2"}],"replies":[{"embeddable":true,"href":"https:\/\/www.ukr-ayna.com\/uk\/wp-json\/wp\/v2\/comments?post=31001"}],"version-history":[{"count":6,"href":"https:\/\/www.ukr-ayna.com\/uk\/wp-json\/wp\/v2\/pages\/31001\/revisions"}],"predecessor-version":[{"id":31874,"href":"https:\/\/www.ukr-ayna.com\/uk\/wp-json\/wp\/v2\/pages\/31001\/revisions\/31874"}],"up":[{"embeddable":true,"href":"https:\/\/www.ukr-ayna.com\/uk\/wp-json\/wp\/v2\/pages\/3159"}],"wp:featuredmedia":[{"embeddable":true,"href":"https:\/\/www.ukr-ayna.com\/uk\/wp-json\/wp\/v2\/media\/31865"}],"wp:attachment":[{"href":"https:\/\/www.ukr-ayna.com\/uk\/wp-json\/wp\/v2\/media?parent=31001"}],"curies":[{"name":"wp","href":"https:\/\/api.w.org\/{rel}","templated":true}]}}