{"id":30950,"date":"2021-02-17T10:30:57","date_gmt":"2021-02-17T08:30:57","guid":{"rendered":"https:\/\/www.ukr-ayna.com\/?page_id=30950\/"},"modified":"2021-02-17T12:37:07","modified_gmt":"2021-02-17T10:37:07","slug":"ukrainska-kulturna-spilka-kushadasi","status":"publish","type":"page","link":"https:\/\/www.ukr-ayna.com\/uk\/diaspora\/kulturni-tovaristva\/ukrainska-kulturna-spilka-kushadasi\/","title":{"rendered":"\u0423\u043a\u0440\u0430\u0457\u043d\u0441\u044c\u043a\u0430 \u043a\u0443\u043b\u044c\u0442\u0443\u0440\u043d\u0430 \u0441\u043f\u0456\u043b\u043a\u0430 \u041a\u0443\u0448\u0430\u0434\u0430\u0441\u0438"},"content":{"rendered":"<h4><strong>\u041d\u0430\u0437\u0432\u0430 \u043e\u0440\u0433\u0430\u043d\u0456\u0437\u0430\u0446\u0456\u0457:<\/strong> \u0413\u041e \u00ab\u0423\u043a\u0440\u0430\u0457\u043d\u0441\u044c\u043a\u0430 \u043a\u0443\u043b\u044c\u0442\u0443\u0440\u043d\u0430 \u0441\u043f\u0456\u043b\u043a\u0430 \u041a\u0443\u0448\u0430\u0434\u0430\u0441\u0438\u00bb (Ku\u015fadas\u0131 Ukrayna K\u00fclt\u00fcr Derne\u011fi)<\/h4>\n<p><strong>\u0414\u0430\u0442\u0430 \u0441\u0442\u0432\u043e\u0440\u0435\u043d\u043d\u044f:<\/strong> 25.05.2018.<\/p>\n<p><strong>\u0410\u0434\u0440\u0435\u0441\u0430<\/strong>: Cumhuriet Mah., R\u0131fat ar\u0131n sokak, Yaz\u0131c\u0131 oficce, kat:2, No:9,\u00a0 Ku\u015fadas\u0131\/Ayd\u0131n, 09400<\/p>\n<p><strong>\u0413\u043e\u043b\u043e\u0432\u0430<\/strong>: <a href=\"https:\/\/www.facebook.com\/tlanna\">\u0421\u0432\u0456\u0442\u043b\u0430\u043d\u0430 \u041f\u043e\u0442\u0430\u043f\u0435\u043d\u043a\u043e-\u0419\u0438\u043b\u0434\u0438\u0440\u0438\u043c<\/a><\/p>\n<p><strong>\u0415\u043b\u0435\u043a\u0442\u0440\u043e\u043d\u043d\u0430 \u043f\u043e\u0448\u0442\u0430<\/strong>: ukraynakushdernegi@gmail.com<\/p>\n<p><strong>\u0422\u0435\u043b\u0435\u0444\u043e\u043d<\/strong>: +90 534 558 54 09.<\/p>\n<p><strong>\u0412\u0435\u0431\u0441\u0430\u0439\u0442<\/strong>:\u00a0<a href=\"http:\/\/www.ukr-kusadasi.com\">www.ukr-kusadasi.com<\/a><\/p>\n<a href=\"https:\/\/www.facebook.com\/ukraynakusadasi\" class=\"su-button su-button-style-default\" style=\"color:#FFFFFF;background-color:#2D89EF;border-color:#246ec0;border-radius:5px;-moz-border-radius:5px;-webkit-border-radius:5px\" target=\"_blank\" rel=\"noopener noreferrer\"><span style=\"color:#FFFFFF;padding:6px 16px;font-size:13px;line-height:20px;border-color:#6cadf4;border-radius:5px;-moz-border-radius:5px;-webkit-border-radius:5px;text-shadow:none;-moz-text-shadow:none;-webkit-text-shadow:none\"><img decoding=\"async\" src=\"https:\/\/www.ukr-ayna.com\/wp-content\/uploads\/2021\/02\/fb.png\" alt=\"\u0423\u043a\u0440\u0430\u0457\u043d\u0441\u044c\u043a\u0430 \u043a\u0443\u043b\u044c\u0442\u0443\u0440\u043d\u0430 \u0441\u043f\u0456\u043b\u043a\u0430 \u041a\u0443\u0448\u0430\u0434\u0430\u0441\u0438\" style=\"width:20px;height:20px\" \/> \u0423\u043a\u0440\u0430\u0457\u043d\u0441\u044c\u043a\u0430 \u043a\u0443\u043b\u044c\u0442\u0443\u0440\u043d\u0430 \u0441\u043f\u0456\u043b\u043a\u0430 \u041a\u0443\u0448\u0430\u0434\u0430\u0441\u0438<\/span><\/a>\n<p>&nbsp;<\/p>\n<p><strong>\u041c\u0435\u0442\u0430 \u0442\u0430 \u0437\u0430\u0432\u0434\u0430\u043d\u043d\u044f \u043e\u0440\u0433\u0430\u043d\u0456\u0437\u0430\u0446\u0456\u0457:<\/strong><\/p>\n<ul>\n<li>\u0437\u0431\u0435\u0440\u0435\u0436\u0435\u043d\u043d\u044f \u0442\u0430\u00a0\u043f\u043e\u043f\u0443\u043b\u044f\u0440\u0438\u0437\u0430\u0446\u0456\u044f\u00a0\u0443\u043a\u0440\u0430\u0457\u043d\u0441\u044c\u043a\u043e\u0457 \u043c\u043e\u0432\u0438, \u043a\u0443\u043b\u044c\u0442\u0443\u0440\u0438, \u043d\u0430\u0446\u0456\u043e\u043d\u0430\u043b\u044c\u043d\u043e\u0457 \u0456\u0434\u0435\u043d\u0442\u0438\u0447\u043d\u043e\u0441\u0442\u0456;<\/li>\n<li>\u0434\u043e\u043f\u043e\u043c\u043e\u0433\u0430\u0443\u043a\u0440\u0430\u0457\u043d\u0446\u044f\u043c;<\/li>\n<li>\u0440\u043e\u0437\u0432\u0438\u0442\u043e\u043a\u00a0\u043a\u0443\u043b\u044c\u0442\u0443\u0440\u043d\u043e\u0433\u043e\u00a0\u0436\u0438\u0442\u0442\u044f \u0443\u043a\u0440\u0430\u0457\u043d\u0441\u044c\u043a\u043e\u0457 \u0433\u0440\u043e\u043c\u0430\u0434\u0438 \u0432 \u0422\u0443\u0440\u0435\u0447\u0447\u0438\u043d\u0456;<\/li>\n<li>\u0432\u0441\u0435\u0431\u0456\u0447\u043d\u0430\u043f\u0456\u0434\u0442\u0440\u0438\u043c\u043a\u0430\u00a0\u0440\u043e\u0437\u0432\u0438\u0442\u043a\u0443\u00a0\u0434\u0440\u0443\u0436\u043d\u0456\u0445 \u0443\u043a\u0440\u0430\u0457\u043d\u0441\u044c\u043a\u043e-\u0442\u0443\u0440\u0435\u0446\u044c\u043a\u0438\u0445 \u0432\u0456\u0434\u043d\u043e\u0441\u0438\u043d;<\/li>\n<li>\u043f\u0456\u0434\u0432\u0438\u0449\u0435\u043d\u043d\u044f \u043f\u043e\u0437\u0438\u0442\u0438\u0432\u043d\u043e\u0433\u043e \u0456\u043c\u0456\u0434\u0436\u0443 \u0423\u043a\u0440\u0430\u0457\u043d\u0438 \u0432 \u0422\u0443\u0440\u0435\u0447\u0447\u0438\u043d\u0456.<\/li>\n<\/ul>\n<p><strong>\u041e\u0441\u043d\u043e\u0432\u043d\u0430 \u0434\u0456\u044f\u043b\u044c\u043d\u0456\u0441\u0442\u044c:<\/strong><\/p>\n<ul>\n<li>\u043f\u0440\u043e\u0432\u0435\u0434\u0435\u043d\u043d\u044f \u043a\u0443\u043b\u044c\u0442\u0443\u0440\u043d\u043e-\u043e\u0441\u0432\u0456\u0442\u043d\u0456\u0445 \u0437\u0430\u0445\u043e\u0434\u0456\u0432 \u0443\u043a\u0440\u0430\u0457\u043d\u0441\u044c\u043a\u043e\u044e \u0442\u0430 \u0442\u0443\u0440\u0435\u0446\u044c\u043a\u043e\u044e \u043c\u043e\u0432\u0430\u043c\u0438<\/li>\n<li>\u043f\u0440\u0435\u0437\u0435\u043d\u0442\u0430\u0446\u0456\u044f \u0423\u043a\u0440\u0430\u0457\u043d\u0438 \u043d\u0430 \u0440\u0456\u0437\u043d\u043e\u043c\u0430\u043d\u0456\u0442\u043d\u0438\u0445 \u043a\u0443\u043b\u044c\u0442\u0443\u0440\u043d\u043e-\u043f\u0440\u043e\u0441\u0432\u0456\u0442\u043d\u0438\u0446\u044c\u043a\u0438\u0445 \u0437\u0430\u0445\u043e\u0434\u0430\u0445<\/li>\n<li>\u0421\u0443\u0431\u043e\u0442\u043d\u044f \u0448\u043a\u043e\u043b\u0430 \u0434\u043b\u044f \u0434\u0456\u0442\u0435\u0439 \u0441\u0435\u0440\u0435\u0434\u043d\u044c\u043e\u0433\u043e \u0442\u0430 \u043c\u043e\u043b\u043e\u0434\u0448\u043e\u0433\u043e \u0448\u043a\u0456\u043b\u044c\u043d\u043e\u0433\u043e \u0432\u0456\u043a\u0443, \u0434\u043e\u0448\u043a\u0456\u043b\u044c\u043d\u044f\u0442:\u00a0 \u0443\u0440\u043e\u043a\u0438 \u0437 \u043c\u043e\u0432\u0438, \u0456\u0441\u0442\u043e\u0440\u0456\u0457 \u0442\u0430 \u043a\u0443\u043b\u044c\u0442\u0443\u0440\u0438, \u043e\u0431\u0440\u0430\u0437\u043e\u0442\u0432\u043e\u0440\u0447\u043e\u0433\u043e \u043c\u0438\u0441\u0442\u0435\u0446\u0442\u0432\u0430, \u0441\u043f\u0456\u0432\u0443 \u0442\u0430 \u043d\u0430\u0440\u043e\u0434\u043d\u043e\u0457 \u0445\u043e\u0440\u0435\u043e\u0433\u0440\u0430\u0444\u0456\u0457<\/li>\n<li>\u043c\u043e\u0432\u043d\u0456 \u043a\u0443\u0440\u0441\u0438 \u0434\u043b\u044f \u0434\u043e\u0440\u043e\u0441\u043b\u0438\u0445 \u0442\u0430 \u0434\u0456\u0442\u0435\u0439<\/li>\n<li>\u0432\u0435\u0434\u0435\u043d\u043d\u044f \u0434\u0432\u043e\u043c\u043e\u0432\u043d\u043e\u0433\u043e \u0456\u043d\u0444\u043e\u0440\u043c\u0430\u0446\u0456\u0439\u043d\u043e-\u043f\u0440\u043e\u0441\u0432\u0456\u0442\u043d\u0438\u0446\u044c\u043a\u043e\u0433\u043e \u043f\u043e\u0440\u0442\u0430\u043b\u0443.<\/li>\n<\/ul>\n","protected":false},"excerpt":{"rendered":"<p>\u041d\u0430\u0437\u0432\u0430 \u043e\u0440\u0433\u0430\u043d\u0456\u0437\u0430\u0446\u0456\u0457: \u0413\u041e \u00ab\u0423\u043a\u0440\u0430\u0457\u043d\u0441\u044c\u043a\u0430 \u043a\u0443\u043b\u044c\u0442\u0443\u0440\u043d\u0430 \u0441\u043f\u0456\u043b\u043a\u0430 \u041a\u0443\u0448\u0430\u0434\u0430\u0441\u0438\u00bb (Ku\u015fadas\u0131 Ukrayna K\u00fclt\u00fcr Derne\u011fi) \u0414\u0430\u0442\u0430 \u0441\u0442\u0432\u043e\u0440\u0435\u043d\u043d\u044f: 25.05.2018. \u0410\u0434\u0440\u0435\u0441\u0430: Cumhuriet Mah., R\u0131fat ar\u0131n sokak, Yaz\u0131c\u0131 oficce, kat:2, No:9,\u00a0 Ku\u015fadas\u0131\/Ayd\u0131n, 09400 \u0413\u043e\u043b\u043e\u0432\u0430: \u0421\u0432\u0456\u0442\u043b\u0430\u043d\u0430 \u041f\u043e\u0442\u0430\u043f\u0435\u043d\u043a\u043e-\u0419\u0438\u043b\u0434\u0438\u0440\u0438\u043c \u0415\u043b\u0435\u043a\u0442\u0440\u043e\u043d\u043d\u0430 \u043f\u043e\u0448\u0442\u0430: ukraynakushdernegi@gmail.com \u0422\u0435\u043b\u0435\u0444\u043e\u043d: +90 534 558 54 09. \u0412\u0435\u0431\u0441\u0430\u0439\u0442:\u00a0www.ukr-kusadasi.com &nbsp; \u041c\u0435\u0442\u0430 \u0442\u0430 \u0437\u0430\u0432\u0434\u0430\u043d\u043d\u044f \u043e\u0440\u0433\u0430\u043d\u0456\u0437\u0430\u0446\u0456\u0457: \u0437\u0431\u0435\u0440\u0435\u0436\u0435\u043d\u043d\u044f \u0442\u0430\u00a0\u043f\u043e\u043f\u0443\u043b\u044f\u0440\u0438\u0437\u0430\u0446\u0456\u044f\u00a0\u0443\u043a\u0440\u0430\u0457\u043d\u0441\u044c\u043a\u043e\u0457 \u043c\u043e\u0432\u0438, \u043a\u0443\u043b\u044c\u0442\u0443\u0440\u0438, \u043d\u0430\u0446\u0456\u043e\u043d\u0430\u043b\u044c\u043d\u043e\u0457 \u0456\u0434\u0435\u043d\u0442\u0438\u0447\u043d\u043e\u0441\u0442\u0456; \u0434\u043e\u043f\u043e\u043c\u043e\u0433\u0430\u0443\u043a\u0440\u0430\u0457\u043d\u0446\u044f\u043c; \u0440\u043e\u0437\u0432\u0438\u0442\u043e\u043a\u00a0\u043a\u0443\u043b\u044c\u0442\u0443\u0440\u043d\u043e\u0433\u043e\u00a0\u0436\u0438\u0442\u0442\u044f \u0443\u043a\u0440\u0430\u0457\u043d\u0441\u044c\u043a\u043e\u0457 \u0433\u0440\u043e\u043c\u0430\u0434\u0438 \u0432 \u0422\u0443\u0440\u0435\u0447\u0447\u0438\u043d\u0456; \u0432\u0441\u0435\u0431\u0456\u0447\u043d\u0430\u043f\u0456\u0434\u0442\u0440\u0438\u043c\u043a\u0430\u00a0\u0440\u043e\u0437\u0432\u0438\u0442\u043a\u0443\u00a0\u0434\u0440\u0443\u0436\u043d\u0456\u0445 \u0443\u043a\u0440\u0430\u0457\u043d\u0441\u044c\u043a\u043e-\u0442\u0443\u0440\u0435\u0446\u044c\u043a\u0438\u0445 \u0432\u0456\u0434\u043d\u043e\u0441\u0438\u043d; \u043f\u0456\u0434\u0432\u0438\u0449\u0435\u043d\u043d\u044f \u043f\u043e\u0437\u0438\u0442\u0438\u0432\u043d\u043e\u0433\u043e \u0456\u043c\u0456\u0434\u0436\u0443 \u0423\u043a\u0440\u0430\u0457\u043d\u0438 \u0432 \u0422\u0443\u0440\u0435\u0447\u0447\u0438\u043d\u0456. \u041e\u0441\u043d\u043e\u0432\u043d\u0430 \u0434\u0456\u044f\u043b\u044c\u043d\u0456\u0441\u0442\u044c: \u043f\u0440\u043e\u0432\u0435\u0434\u0435\u043d\u043d\u044f \u043a\u0443\u043b\u044c\u0442\u0443\u0440\u043d\u043e-\u043e\u0441\u0432\u0456\u0442\u043d\u0456\u0445 \u0437\u0430\u0445\u043e\u0434\u0456\u0432 \u0443\u043a\u0440\u0430\u0457\u043d\u0441\u044c\u043a\u043e\u044e \u0442\u0430 \u0442\u0443\u0440\u0435\u0446\u044c\u043a\u043e\u044e \u043c\u043e\u0432\u0430\u043c\u0438 \u043f\u0440\u0435\u0437\u0435\u043d\u0442\u0430\u0446\u0456\u044f \u0423\u043a\u0440\u0430\u0457\u043d\u0438 \u043d\u0430 \u0440\u0456\u0437\u043d\u043e\u043c\u0430\u043d\u0456\u0442\u043d\u0438\u0445 \u043a\u0443\u043b\u044c\u0442\u0443\u0440\u043d\u043e-\u043f\u0440\u043e\u0441\u0432\u0456\u0442\u043d\u0438\u0446\u044c\u043a\u0438\u0445 \u0437\u0430\u0445\u043e\u0434\u0430\u0445 \u0421\u0443\u0431\u043e\u0442\u043d\u044f \u0448\u043a\u043e\u043b\u0430 \u0434\u043b\u044f \u0434\u0456\u0442\u0435\u0439 \u0441\u0435\u0440\u0435\u0434\u043d\u044c\u043e\u0433\u043e \u0442\u0430 \u043c\u043e\u043b\u043e\u0434\u0448\u043e\u0433\u043e \u0448\u043a\u0456\u043b\u044c\u043d\u043e\u0433\u043e \u0432\u0456\u043a\u0443, \u0434\u043e\u0448\u043a\u0456\u043b\u044c\u043d\u044f\u0442:\u00a0 \u0443\u0440\u043e\u043a\u0438 \u0437 \u043c\u043e\u0432\u0438, \u0456\u0441\u0442\u043e\u0440\u0456\u0457 \u0442\u0430 \u043a\u0443\u043b\u044c\u0442\u0443\u0440\u0438, \u043e\u0431\u0440\u0430\u0437\u043e\u0442\u0432\u043e\u0440\u0447\u043e\u0433\u043e \u043c\u0438\u0441\u0442\u0435\u0446\u0442\u0432\u0430, \u0441\u043f\u0456\u0432\u0443 \u0442\u0430 [&hellip;]<\/p>\n","protected":false},"author":2,"featured_media":30946,"parent":3159,"menu_order":0,"comment_status":"closed","ping_status":"closed","template":"","meta":{"footnotes":""},"class_list":["post-30950","page","type-page","status-publish","has-post-thumbnail","hentry"],"_links":{"self":[{"href":"https:\/\/www.ukr-ayna.com\/uk\/wp-json\/wp\/v2\/pages\/30950","targetHints":{"allow":["GET"]}}],"collection":[{"href":"https:\/\/www.ukr-ayna.com\/uk\/wp-json\/wp\/v2\/pages"}],"about":[{"href":"https:\/\/www.ukr-ayna.com\/uk\/wp-json\/wp\/v2\/types\/page"}],"author":[{"embeddable":true,"href":"https:\/\/www.ukr-ayna.com\/uk\/wp-json\/wp\/v2\/users\/2"}],"replies":[{"embeddable":true,"href":"https:\/\/www.ukr-ayna.com\/uk\/wp-json\/wp\/v2\/comments?post=30950"}],"version-history":[{"count":5,"href":"https:\/\/www.ukr-ayna.com\/uk\/wp-json\/wp\/v2\/pages\/30950\/revisions"}],"predecessor-version":[{"id":30991,"href":"https:\/\/www.ukr-ayna.com\/uk\/wp-json\/wp\/v2\/pages\/30950\/revisions\/30991"}],"up":[{"embeddable":true,"href":"https:\/\/www.ukr-ayna.com\/uk\/wp-json\/wp\/v2\/pages\/3159"}],"wp:featuredmedia":[{"embeddable":true,"href":"https:\/\/www.ukr-ayna.com\/uk\/wp-json\/wp\/v2\/media\/30946"}],"wp:attachment":[{"href":"https:\/\/www.ukr-ayna.com\/uk\/wp-json\/wp\/v2\/media?parent=30950"}],"curies":[{"name":"wp","href":"https:\/\/api.w.org\/{rel}","templated":true}]}}